{"id":15039,"date":"2022-11-16T00:38:16","date_gmt":"2022-11-16T00:38:16","guid":{"rendered":"https:\/\/www.neuroloule.com\/memory-clinic\/"},"modified":"2023-08-16T20:07:09","modified_gmt":"2023-08-16T20:07:09","slug":"gedachtnissprechstunde","status":"publish","type":"page","link":"https:\/\/www.neuroloule.com\/de\/gedachtnissprechstunde\/","title":{"rendered":"Ged\u00e4chtnissprechstunde"},"content":{"rendered":"\t\t<div data-elementor-type=\"wp-page\" data-elementor-id=\"15039\" class=\"elementor elementor-15039 elementor-13803\">\n\t\t\t\t\t\t\t\t\t<section class=\"elementor-section elementor-top-section elementor-element elementor-element-8764384 qodef-elementor-content-grid sub-page-header elementor-section-boxed elementor-section-height-default elementor-section-height-default\" data-id=\"8764384\" data-element_type=\"section\" data-settings=\"{&quot;background_background&quot;:&quot;classic&quot;}\">\n\t\t\t\t\t\t\t<div class=\"elementor-background-overlay\"><\/div>\n\t\t\t\t\t\t\t<div class=\"elementor-container elementor-column-gap-no\">\n\t\t\t\t\t<div class=\"elementor-column elementor-col-100 elementor-top-column elementor-element elementor-element-b40acb8\" data-id=\"b40acb8\" data-element_type=\"column\">\n\t\t\t<div class=\"elementor-widget-wrap elementor-element-populated\">\n\t\t\t\t\t\t\t\t<div class=\"elementor-element elementor-element-11877ec elementor-widget__width-auto elementor-widget-tablet__width-auto elementor-widget-mobile__width-auto custom_service_icon_small white elementor-widget elementor-widget-image\" data-id=\"11877ec\" data-element_type=\"widget\" data-widget_type=\"image.default\">\n\t\t\t\t<div class=\"elementor-widget-container\">\n\t\t\t<style>\/*! elementor - v3.6.5 - 27-04-2022 *\/\n.elementor-widget-image{text-align:center}.elementor-widget-image a{display:inline-block}.elementor-widget-image a img[src$=\".svg\"]{width:48px}.elementor-widget-image img{vertical-align:middle;display:inline-block}<\/style>\t\t\t\t\t\t\t\t\t\t\t\t<img width=\"500\" height=\"500\" src=\"https:\/\/www.neuroloule.com\/wp-content\/uploads\/2022\/11\/icon_MemoryClinic-R1.png\" class=\"attachment-full size-full\" alt=\"\" loading=\"lazy\" srcset=\"https:\/\/www.neuroloule.com\/wp-content\/uploads\/2022\/11\/icon_MemoryClinic-R1.png 500w, https:\/\/www.neuroloule.com\/wp-content\/uploads\/2022\/11\/icon_MemoryClinic-R1-300x300.png 300w, https:\/\/www.neuroloule.com\/wp-content\/uploads\/2022\/11\/icon_MemoryClinic-R1-150x150.png 150w\" sizes=\"(max-width: 500px) 100vw, 500px\" \/>\t\t\t\t\t\t\t\t\t\t\t\t\t\t\t<\/div>\n\t\t\t\t<\/div>\n\t\t\t\t<div class=\"elementor-element elementor-element-97b71c2 custom_article_title elementor-widget__width-auto elementor-widget-tablet__width-auto elementor-widget-mobile__width-auto elementor-widget elementor-widget-allsmiles_core_section_title\" data-id=\"97b71c2\" data-element_type=\"widget\" data-widget_type=\"allsmiles_core_section_title.default\">\n\t\t\t\t<div class=\"elementor-widget-container\">\n\t\t\t<div class=\"qodef-shortcode qodef-m  qodef-section-title qodef-alignment--left \">\n\t\t<h5 class=\"qodef-m-subtitle\" style=\"margin-bottom: 7px;color: #F7F7F9\">\n\t\tAllgemeinmedizin\/Mentale Gesundheit\t<\/h5>\n\t\t<h1 class=\"qodef-m-title\" style=\"color: #F7F7F9\">\n\t\t\t\t\tGed\u00e4chtnissprechstunde\t\t\t<\/h1>\n\t<\/div>\n\t\t<\/div>\n\t\t\t\t<\/div>\n\t\t\t\t\t<\/div>\n\t\t<\/div>\n\t\t\t\t\t\t\t<\/div>\n\t\t<\/section>\n\t\t\t\t<section class=\"elementor-section elementor-top-section elementor-element elementor-element-0871cf5 qodef-elementor-content-grid elementor-section-content-middle custom_background_animation elementor-section-boxed elementor-section-height-default elementor-section-height-default\" data-id=\"0871cf5\" data-element_type=\"section\">\n\t\t\t\t\t\t\t<div class=\"elementor-background-overlay\"><\/div>\n\t\t\t\t\t\t\t<div class=\"elementor-container elementor-column-gap-no\">\n\t\t\t\t\t<div class=\"elementor-column elementor-col-50 elementor-top-column elementor-element elementor-element-5613604\" data-id=\"5613604\" data-element_type=\"column\">\n\t\t\t<div class=\"elementor-widget-wrap elementor-element-populated\">\n\t\t\t\t\t\t\t\t<div class=\"elementor-element elementor-element-c902fc8 elementor-widget elementor-widget-allsmiles_core_section_title\" data-id=\"c902fc8\" data-element_type=\"widget\" data-widget_type=\"allsmiles_core_section_title.default\">\n\t\t\t\t<div class=\"elementor-widget-container\">\n\t\t\t<div class=\"qodef-shortcode qodef-m  qodef-section-title qodef-alignment--left \">\n\t\t\t<h5 class=\"qodef-m-title\" style=\"color: #030303\">\n\t\t\t\t\tMEMORY CLINIC im \u00c4rztezentrum Neuroloul\u00e9 - f\u00fcr Menschen mit Ged\u00e4chtnisproblemen\t\t\t<\/h5>\n\t<\/div>\n\t\t<\/div>\n\t\t\t\t<\/div>\n\t\t\t\t<div class=\"elementor-element elementor-element-fd30dda custom_bullets elementor-widget elementor-widget-text-editor\" data-id=\"fd30dda\" data-element_type=\"widget\" data-widget_type=\"text-editor.default\">\n\t\t\t\t<div class=\"elementor-widget-container\">\n\t\t\t<style>\/*! elementor - v3.6.5 - 27-04-2022 *\/\n.elementor-widget-text-editor.elementor-drop-cap-view-stacked .elementor-drop-cap{background-color:#818a91;color:#fff}.elementor-widget-text-editor.elementor-drop-cap-view-framed .elementor-drop-cap{color:#818a91;border:3px solid;background-color:transparent}.elementor-widget-text-editor:not(.elementor-drop-cap-view-default) .elementor-drop-cap{margin-top:8px}.elementor-widget-text-editor:not(.elementor-drop-cap-view-default) .elementor-drop-cap-letter{width:1em;height:1em}.elementor-widget-text-editor .elementor-drop-cap{float:left;text-align:center;line-height:1;font-size:50px}.elementor-widget-text-editor .elementor-drop-cap-letter{display:inline-block}<\/style>\t\t\t\t<p>Bei Ver\u00e4nderungen des Ged\u00e4chtnisses oder allgemeiner Vergesslichkeit ist es schwierig zu sagen, ob Ged\u00e4chtnisprobleme das Ergebnis eines normalen Alterungsprozesses oder Anzeichen einer Krankheit sind. So wurde die Memory Clinic eingerichtet, um eine genaue Diagnostik und weiterf\u00fchrende Beratung und Therapie zu erm\u00f6glichen.<\/p><p>Diese Spezialsprechstunde wird gemeinsam vom Neurologen, Neuropsychologen und einem Hausarzt durchgef\u00fchrt. Sie sind in der Lage, alle notwendigen Tests und Untersuchungen durchzuf\u00fchren und \/ oder zu organisieren, um die richtige Diagnose zu stellen, z. EEG, Scans (CT, MRT) und Bluttests.<br \/>Das Ged\u00e4chtnis und die allgemeine mentale Funktion eines jeden Patienten werden neuropsychologisch untersucht und ein Vergleich mit normalen Parametern durchgef\u00fchrt, wobei das Alter und das Bildungsniveau des Einzelnen ber\u00fccksichtigt werden. Diese Befunde bilden zusammen mit anderen Untersuchungen die Grundlage f\u00fcr Diagnose und Behandlungsplanung.<\/p><p>Ged\u00e4chtnisschwierigkeiten sind h\u00e4ufig erste Anzeichen einer beginnenden Demenz, wie Alzheimer. Auf der anderen Seite sind nicht alle Ged\u00e4chtnisver\u00e4nderungen auf Hirnfunktionsst\u00f6rungen und eine Demenz zur\u00fcckzuf\u00fchren<br \/>Es ist bis zu einem gewissen Grad normal, dass die Ged\u00e4chtnisfunktion mit fortschreitendem Alter nachl\u00e4sst. Auch die Einnahme verschiedener Medikamente, wie Beruhigungs- oder Schlafmittel oder regelm\u00e4\u00dfiger Alkoholgenuss k\u00f6nnen sich negativ auswirken. Bei Erkrankungen, wie Diabetes, Depressionen, Schilddr\u00fcsenerkrankungen oder Schlafst\u00f6rungen kann es ebenso zu Problemen des Ged\u00e4chtnisses kommen.<\/p><p>Durch eine fr\u00fchzeitige Beratung zu eventuellen \u00c4nderungen des Lebensstils und einer Behandlung der Ged\u00e4chtnisschwierigkeiten, die infolge einer organischen Erkrankung auftreten, k\u00f6nnen Patienten dabei unterst\u00fctzt werden, \u00fcber einen langen Zeitraum ihre Autonomie sowie eine gute Lebensqualit\u00e4t zu erhalten.<\/p>\t\t\t\t\t\t<\/div>\n\t\t\t\t<\/div>\n\t\t\t\t<div class=\"elementor-element elementor-element-c174895 elementor-widget__width-auto elementor-widget elementor-widget-allsmiles_core_button\" data-id=\"c174895\" data-element_type=\"widget\" data-widget_type=\"allsmiles_core_button.default\">\n\t\t\t\t<div class=\"elementor-widget-container\">\n\t\t\t<a class=\"qodef-shortcode qodef-m  qodef-button qodef-layout--filled   qodef-html--link qodef-direction-animation\" href=\"\/de\/kontakt\/\" target=\"_self\" data-hover-background-color=\"#941305\" style=\"background-color: #747D90\">\n\t<span class=\"qodef-m-text\">Kontaktieren Sie uns<\/span>\n\t\t\t<span class=\"qodef-btn-background-holder\">\n\t        <span class=\"qodef-btn-background\"><\/span>\n\t    <\/span>\n\t<\/a>\n\t\t<\/div>\n\t\t\t\t<\/div>\n\t\t\t\t\t<\/div>\n\t\t<\/div>\n\t\t\t\t<div class=\"elementor-column elementor-col-50 elementor-top-column elementor-element elementor-element-89ff727 elementor-hidden-tablet elementor-hidden-mobile elementor-hidden-desktop\" data-id=\"89ff727\" data-element_type=\"column\">\n\t\t\t<div class=\"elementor-widget-wrap\">\n\t\t\t\t\t\t\t\t\t<\/div>\n\t\t<\/div>\n\t\t\t\t\t\t\t<\/div>\n\t\t<\/section>\n\t\t\t\t<section class=\"elementor-section elementor-top-section elementor-element elementor-element-3e59573 qodef-elementor-content-grid elementor-section-boxed elementor-section-height-default elementor-section-height-default\" data-id=\"3e59573\" data-element_type=\"section\" data-settings=\"{&quot;background_background&quot;:&quot;classic&quot;}\">\n\t\t\t\t\t\t<div class=\"elementor-container elementor-column-gap-no\">\n\t\t\t\t\t<div class=\"elementor-column elementor-col-100 elementor-top-column elementor-element elementor-element-04a6ff8\" data-id=\"04a6ff8\" data-element_type=\"column\">\n\t\t\t<div class=\"elementor-widget-wrap elementor-element-populated\">\n\t\t\t\t\t\t\t\t<div class=\"elementor-element elementor-element-1fb123a elementor-widget elementor-widget-allsmiles_core_call_to_action\" data-id=\"1fb123a\" data-element_type=\"widget\" data-widget_type=\"allsmiles_core_call_to_action.default\">\n\t\t\t\t<div class=\"elementor-widget-container\">\n\t\t\t<div class=\"qodef-shortcode qodef-m  qodef-call-to-action qodef-layout--standard qodef-style--stretched\">\n\t<div class=\"qodef-m-inner\">\n\t\t\t<div class=\"qodef-m-content\"><h4 style=\"color: #030303;\">Buchen Sie Ihre Online-<span style=\"color: #941305;\">Beratung<\/span><\/h4><h6 class=\"qodef-cta-aditional\" style=\"color: #fff; margin-top: -7px;\">NeuroLoul\u00e9 - Umfassende und kompetente medizinische Versorgung in der Algarve.<\/h6><\/div>\n\t\t\t<div class=\"qodef-m-button\">\n\t\t<a class=\"qodef-shortcode qodef-m  qodef-button qodef-layout--filled   qodef-html--link qodef-direction-animation\" href=\"\/de\/kontakt\/\" target=\"_self\" data-hover-color=\"#FFFFFF\" data-hover-background-color=\"#941305\" style=\"color: #747D90;background-color: #FFFFFF\">\t<span class=\"qodef-m-text\">Buchen Sie einen Termin<\/span>\t\t\t<span class=\"qodef-btn-background-holder\">\t        <span class=\"qodef-btn-background\"><\/span>\t    <\/span>\t<\/a>\t<\/div>\n\t<\/div>\n<\/div>\n\t\t<\/div>\n\t\t\t\t<\/div>\n\t\t\t\t\t<\/div>\n\t\t<\/div>\n\t\t\t\t\t\t\t<\/div>\n\t\t<\/section>\n\t\t\t\t\t\t\t<\/div>\n\t\t","protected":false},"excerpt":{"rendered":"<p>Allgemeinmedizin\/Mentale Gesundheit Ged\u00e4chtnissprechstunde MEMORY CLINIC im \u00c4rztezentrum Neuroloul\u00e9 &#8211; f\u00fcr Menschen mit Ged\u00e4chtnisproblemen Bei Ver\u00e4nderungen des Ged\u00e4chtnisses oder allgemeiner Vergesslichkeit ist es schwierig zu sagen, ob Ged\u00e4chtnisprobleme das Ergebnis eines normalen Alterungsprozesses oder Anzeichen einer Krankheit sind. So wurde die Memory Clinic eingerichtet, um eine genaue Diagnostik und weiterf\u00fchrende Beratung und Therapie zu erm\u00f6glichen. Diese [&hellip;]<\/p>\n","protected":false},"author":2,"featured_media":10322,"parent":0,"menu_order":0,"comment_status":"closed","ping_status":"closed","template":"page-full-width.php","meta":[],"yoast_head":"<!-- This site is optimized with the Yoast SEO plugin v17.0 - https:\/\/yoast.com\/wordpress\/plugins\/seo\/ -->\n<title>Ged\u00e4chtnissprechstunde in der Algarve - Neuroloul\u00e9<\/title>\n<meta name=\"description\" content=\"Spezialisierte Diagnostik und Beratung bei Ged\u00e4chtnisproblemen.\" \/>\n<meta name=\"robots\" content=\"index, follow, max-snippet:-1, max-image-preview:large, max-video-preview:-1\" \/>\n<link rel=\"canonical\" href=\"https:\/\/www.neuroloule.com\/de\/gedachtnissprechstunde\/\" \/>\n<meta property=\"og:locale\" content=\"de_DE\" \/>\n<meta property=\"og:type\" content=\"article\" \/>\n<meta property=\"og:title\" content=\"Ged\u00e4chtnissprechstunde in der Algarve - Neuroloul\u00e9\" \/>\n<meta property=\"og:description\" content=\"Spezialisierte Diagnostik und Beratung bei Ged\u00e4chtnisproblemen.\" \/>\n<meta property=\"og:url\" content=\"https:\/\/www.neuroloule.com\/de\/gedachtnissprechstunde\/\" \/>\n<meta property=\"og:site_name\" content=\"NeuroLoul\u00e9\" \/>\n<meta property=\"article:modified_time\" content=\"2023-08-16T20:07:09+00:00\" \/>\n<meta property=\"og:image\" content=\"https:\/\/www.neuroloule.com\/wp-content\/uploads\/2022\/06\/Neuroloule-logo-white_thumbnail_v3.png\" \/>\n\t<meta property=\"og:image:width\" content=\"350\" \/>\n\t<meta property=\"og:image:height\" content=\"300\" \/>\n<meta name=\"twitter:card\" content=\"summary_large_image\" \/>\n<meta name=\"twitter:label1\" content=\"Est. reading time\" \/>\n\t<meta name=\"twitter:data1\" content=\"2 Minuten\" \/>\n<script type=\"application\/ld+json\" class=\"yoast-schema-graph\">{\"@context\":\"https:\/\/schema.org\",\"@graph\":[{\"@type\":\"WebSite\",\"@id\":\"https:\/\/www.neuroloule.com\/#website\",\"url\":\"https:\/\/www.neuroloule.com\/\",\"name\":\"NeuroLoul\\u00e9\",\"description\":\"Servi\\u00e7os M\\u00e9dicos, LDA\",\"potentialAction\":[{\"@type\":\"SearchAction\",\"target\":{\"@type\":\"EntryPoint\",\"urlTemplate\":\"https:\/\/www.neuroloule.com\/?s={search_term_string}\"},\"query-input\":\"required name=search_term_string\"}],\"inLanguage\":\"de-DE\"},{\"@type\":\"ImageObject\",\"@id\":\"https:\/\/www.neuroloule.com\/de\/gedachtnissprechstunde\/#primaryimage\",\"inLanguage\":\"de-DE\",\"url\":\"https:\/\/www.neuroloule.com\/wp-content\/uploads\/2022\/06\/Neuroloule-logo-white_thumbnail_v3.png\",\"contentUrl\":\"https:\/\/www.neuroloule.com\/wp-content\/uploads\/2022\/06\/Neuroloule-logo-white_thumbnail_v3.png\",\"width\":350,\"height\":300},{\"@type\":\"WebPage\",\"@id\":\"https:\/\/www.neuroloule.com\/de\/gedachtnissprechstunde\/#webpage\",\"url\":\"https:\/\/www.neuroloule.com\/de\/gedachtnissprechstunde\/\",\"name\":\"Ged\\u00e4chtnissprechstunde in der Algarve - Neuroloul\\u00e9\",\"isPartOf\":{\"@id\":\"https:\/\/www.neuroloule.com\/#website\"},\"primaryImageOfPage\":{\"@id\":\"https:\/\/www.neuroloule.com\/de\/gedachtnissprechstunde\/#primaryimage\"},\"datePublished\":\"2022-11-16T00:38:16+00:00\",\"dateModified\":\"2023-08-16T20:07:09+00:00\",\"description\":\"Spezialisierte Diagnostik und Beratung bei Ged\\u00e4chtnisproblemen.\",\"breadcrumb\":{\"@id\":\"https:\/\/www.neuroloule.com\/de\/gedachtnissprechstunde\/#breadcrumb\"},\"inLanguage\":\"de-DE\",\"potentialAction\":[{\"@type\":\"ReadAction\",\"target\":[\"https:\/\/www.neuroloule.com\/de\/gedachtnissprechstunde\/\"]}]},{\"@type\":\"BreadcrumbList\",\"@id\":\"https:\/\/www.neuroloule.com\/de\/gedachtnissprechstunde\/#breadcrumb\",\"itemListElement\":[{\"@type\":\"ListItem\",\"position\":1,\"name\":\"Home\",\"item\":\"https:\/\/www.neuroloule.com\/pt-pt\/\"},{\"@type\":\"ListItem\",\"position\":2,\"name\":\"Ged\\u00e4chtnissprechstunde\"}]}]}<\/script>\n<!-- \/ Yoast SEO plugin. -->","yoast_head_json":{"title":"Ged\u00e4chtnissprechstunde in der Algarve - Neuroloul\u00e9","description":"Spezialisierte Diagnostik und Beratung bei Ged\u00e4chtnisproblemen.","robots":{"index":"index","follow":"follow","max-snippet":"max-snippet:-1","max-image-preview":"max-image-preview:large","max-video-preview":"max-video-preview:-1"},"canonical":"https:\/\/www.neuroloule.com\/de\/gedachtnissprechstunde\/","og_locale":"de_DE","og_type":"article","og_title":"Ged\u00e4chtnissprechstunde in der Algarve - Neuroloul\u00e9","og_description":"Spezialisierte Diagnostik und Beratung bei Ged\u00e4chtnisproblemen.","og_url":"https:\/\/www.neuroloule.com\/de\/gedachtnissprechstunde\/","og_site_name":"NeuroLoul\u00e9","article_modified_time":"2023-08-16T20:07:09+00:00","og_image":[{"width":350,"height":300,"url":"https:\/\/www.neuroloule.com\/wp-content\/uploads\/2022\/06\/Neuroloule-logo-white_thumbnail_v3.png","path":"\/home1\/neuroloule\/staging\/wp-content\/uploads\/2022\/06\/Neuroloule-logo-white_thumbnail_v3.png","size":"full","id":10322,"alt":"","pixels":105000,"type":"image\/png"}],"twitter_card":"summary_large_image","twitter_misc":{"Est. reading time":"2 Minuten"},"schema":{"@context":"https:\/\/schema.org","@graph":[{"@type":"WebSite","@id":"https:\/\/www.neuroloule.com\/#website","url":"https:\/\/www.neuroloule.com\/","name":"NeuroLoul\u00e9","description":"Servi\u00e7os M\u00e9dicos, LDA","potentialAction":[{"@type":"SearchAction","target":{"@type":"EntryPoint","urlTemplate":"https:\/\/www.neuroloule.com\/?s={search_term_string}"},"query-input":"required name=search_term_string"}],"inLanguage":"de-DE"},{"@type":"ImageObject","@id":"https:\/\/www.neuroloule.com\/de\/gedachtnissprechstunde\/#primaryimage","inLanguage":"de-DE","url":"https:\/\/www.neuroloule.com\/wp-content\/uploads\/2022\/06\/Neuroloule-logo-white_thumbnail_v3.png","contentUrl":"https:\/\/www.neuroloule.com\/wp-content\/uploads\/2022\/06\/Neuroloule-logo-white_thumbnail_v3.png","width":350,"height":300},{"@type":"WebPage","@id":"https:\/\/www.neuroloule.com\/de\/gedachtnissprechstunde\/#webpage","url":"https:\/\/www.neuroloule.com\/de\/gedachtnissprechstunde\/","name":"Ged\u00e4chtnissprechstunde in der Algarve - Neuroloul\u00e9","isPartOf":{"@id":"https:\/\/www.neuroloule.com\/#website"},"primaryImageOfPage":{"@id":"https:\/\/www.neuroloule.com\/de\/gedachtnissprechstunde\/#primaryimage"},"datePublished":"2022-11-16T00:38:16+00:00","dateModified":"2023-08-16T20:07:09+00:00","description":"Spezialisierte Diagnostik und Beratung bei Ged\u00e4chtnisproblemen.","breadcrumb":{"@id":"https:\/\/www.neuroloule.com\/de\/gedachtnissprechstunde\/#breadcrumb"},"inLanguage":"de-DE","potentialAction":[{"@type":"ReadAction","target":["https:\/\/www.neuroloule.com\/de\/gedachtnissprechstunde\/"]}]},{"@type":"BreadcrumbList","@id":"https:\/\/www.neuroloule.com\/de\/gedachtnissprechstunde\/#breadcrumb","itemListElement":[{"@type":"ListItem","position":1,"name":"Home","item":"https:\/\/www.neuroloule.com\/pt-pt\/"},{"@type":"ListItem","position":2,"name":"Ged\u00e4chtnissprechstunde"}]}]}},"_links":{"self":[{"href":"https:\/\/www.neuroloule.com\/de\/wp-json\/wp\/v2\/pages\/15039"}],"collection":[{"href":"https:\/\/www.neuroloule.com\/de\/wp-json\/wp\/v2\/pages"}],"about":[{"href":"https:\/\/www.neuroloule.com\/de\/wp-json\/wp\/v2\/types\/page"}],"author":[{"embeddable":true,"href":"https:\/\/www.neuroloule.com\/de\/wp-json\/wp\/v2\/users\/2"}],"replies":[{"embeddable":true,"href":"https:\/\/www.neuroloule.com\/de\/wp-json\/wp\/v2\/comments?post=15039"}],"version-history":[{"count":20,"href":"https:\/\/www.neuroloule.com\/de\/wp-json\/wp\/v2\/pages\/15039\/revisions"}],"predecessor-version":[{"id":19051,"href":"https:\/\/www.neuroloule.com\/de\/wp-json\/wp\/v2\/pages\/15039\/revisions\/19051"}],"wp:featuredmedia":[{"embeddable":true,"href":"https:\/\/www.neuroloule.com\/de\/wp-json\/wp\/v2\/media\/10322"}],"wp:attachment":[{"href":"https:\/\/www.neuroloule.com\/de\/wp-json\/wp\/v2\/media?parent=15039"}],"curies":[{"name":"wp","href":"https:\/\/api.w.org\/{rel}","templated":true}]}}