{"id":15056,"date":"2022-11-16T02:17:51","date_gmt":"2022-11-16T02:17:51","guid":{"rendered":"https:\/\/www.neuroloule.com\/orientation\/"},"modified":"2023-03-17T11:22:20","modified_gmt":"2023-03-17T11:22:20","slug":"orientierung","status":"publish","type":"page","link":"https:\/\/www.neuroloule.com\/de\/orientierung\/","title":{"rendered":"Orientierung"},"content":{"rendered":"\t\t<div data-elementor-type=\"wp-page\" data-elementor-id=\"15056\" class=\"elementor elementor-15056 elementor-13914\">\n\t\t\t\t\t\t\t\t\t<section class=\"elementor-section elementor-top-section elementor-element elementor-element-5ed5e65 qodef-elementor-content-grid sub-page-header elementor-section-boxed elementor-section-height-default elementor-section-height-default\" data-id=\"5ed5e65\" data-element_type=\"section\" data-settings=\"{&quot;background_background&quot;:&quot;classic&quot;}\">\n\t\t\t\t\t\t\t<div class=\"elementor-background-overlay\"><\/div>\n\t\t\t\t\t\t\t<div class=\"elementor-container elementor-column-gap-no\">\n\t\t\t\t\t<div class=\"elementor-column elementor-col-100 elementor-top-column elementor-element elementor-element-93c5129\" data-id=\"93c5129\" data-element_type=\"column\">\n\t\t\t<div class=\"elementor-widget-wrap elementor-element-populated\">\n\t\t\t\t\t\t\t\t<div class=\"elementor-element elementor-element-5eea55a elementor-widget__width-auto elementor-widget-tablet__width-auto elementor-widget-mobile__width-auto custom_service_icon_small white elementor-widget elementor-widget-image\" data-id=\"5eea55a\" data-element_type=\"widget\" data-widget_type=\"image.default\">\n\t\t\t\t<div class=\"elementor-widget-container\">\n\t\t\t<style>\/*! elementor - v3.6.5 - 27-04-2022 *\/\n.elementor-widget-image{text-align:center}.elementor-widget-image a{display:inline-block}.elementor-widget-image a img[src$=\".svg\"]{width:48px}.elementor-widget-image img{vertical-align:middle;display:inline-block}<\/style>\t\t\t\t\t\t\t\t\t\t\t\t<img width=\"500\" height=\"500\" src=\"https:\/\/www.neuroloule.com\/wp-content\/uploads\/2022\/11\/icon_Orientation-R1.png\" class=\"attachment-full size-full\" alt=\"\" loading=\"lazy\" srcset=\"https:\/\/www.neuroloule.com\/wp-content\/uploads\/2022\/11\/icon_Orientation-R1.png 500w, https:\/\/www.neuroloule.com\/wp-content\/uploads\/2022\/11\/icon_Orientation-R1-300x300.png 300w, https:\/\/www.neuroloule.com\/wp-content\/uploads\/2022\/11\/icon_Orientation-R1-150x150.png 150w\" sizes=\"(max-width: 500px) 100vw, 500px\" \/>\t\t\t\t\t\t\t\t\t\t\t\t\t\t\t<\/div>\n\t\t\t\t<\/div>\n\t\t\t\t<div class=\"elementor-element elementor-element-7bfb249 custom_article_title elementor-widget__width-auto elementor-widget-tablet__width-auto elementor-widget-mobile__width-auto elementor-widget elementor-widget-allsmiles_core_section_title\" data-id=\"7bfb249\" data-element_type=\"widget\" data-widget_type=\"allsmiles_core_section_title.default\">\n\t\t\t\t<div class=\"elementor-widget-container\">\n\t\t\t<div class=\"qodef-shortcode qodef-m  qodef-section-title qodef-alignment--left \">\n\t\t<h5 class=\"qodef-m-subtitle\" style=\"margin-bottom: 7px;color: #F7F7F9\">\n\t\tInformationen zum portugiesischen Gesundheitssystem und allgemeine Orientierung. \t<\/h5>\n\t\t<h1 class=\"qodef-m-title\" style=\"color: #F7F7F9\">\n\t\t\t\t\tSNS Orientierung\t\t\t<\/h1>\n\t<\/div>\n\t\t<\/div>\n\t\t\t\t<\/div>\n\t\t\t\t\t<\/div>\n\t\t<\/div>\n\t\t\t\t\t\t\t<\/div>\n\t\t<\/section>\n\t\t\t\t<section class=\"elementor-section elementor-top-section elementor-element elementor-element-0871cf5 qodef-elementor-content-grid elementor-section-content-middle custom_background_animation elementor-section-boxed elementor-section-height-default elementor-section-height-default\" data-id=\"0871cf5\" data-element_type=\"section\">\n\t\t\t\t\t\t\t<div class=\"elementor-background-overlay\"><\/div>\n\t\t\t\t\t\t\t<div class=\"elementor-container elementor-column-gap-no\">\n\t\t\t\t\t<div class=\"elementor-column elementor-col-50 elementor-top-column elementor-element elementor-element-5613604\" data-id=\"5613604\" data-element_type=\"column\">\n\t\t\t<div class=\"elementor-widget-wrap elementor-element-populated\">\n\t\t\t\t\t\t\t\t<div class=\"elementor-element elementor-element-192e503 elementor-widget elementor-widget-allsmiles_core_section_title\" data-id=\"192e503\" data-element_type=\"widget\" data-widget_type=\"allsmiles_core_section_title.default\">\n\t\t\t\t<div class=\"elementor-widget-container\">\n\t\t\t<div class=\"qodef-shortcode qodef-m  qodef-section-title qodef-alignment--left \">\n\t\t\t<h5 class=\"qodef-m-title\" style=\"color: #030303\">\n\t\t\t\t\tIm \u00c4rztezentrum NeuroLoul\u00e9 bieten wir unseren Patienten eine qualitativ  hochwertige Versorgung, aber in einigen F\u00e4llen kann eine weitere Betreuung im nationalen portugiesischen Gesundheitssystem der bessere Weg sein. Wir beraten und zeigen Wege und M\u00f6glichkeiten, um Zugang ins SNS-System zu bekommen, auf. \t\t\t<\/h5>\n\t<\/div>\n\t\t<\/div>\n\t\t\t\t<\/div>\n\t\t\t\t<div class=\"elementor-element elementor-element-fd30dda custom_bullets elementor-widget elementor-widget-text-editor\" data-id=\"fd30dda\" data-element_type=\"widget\" data-widget_type=\"text-editor.default\">\n\t\t\t\t<div class=\"elementor-widget-container\">\n\t\t\t<style>\/*! elementor - v3.6.5 - 27-04-2022 *\/\n.elementor-widget-text-editor.elementor-drop-cap-view-stacked .elementor-drop-cap{background-color:#818a91;color:#fff}.elementor-widget-text-editor.elementor-drop-cap-view-framed .elementor-drop-cap{color:#818a91;border:3px solid;background-color:transparent}.elementor-widget-text-editor:not(.elementor-drop-cap-view-default) .elementor-drop-cap{margin-top:8px}.elementor-widget-text-editor:not(.elementor-drop-cap-view-default) .elementor-drop-cap-letter{width:1em;height:1em}.elementor-widget-text-editor .elementor-drop-cap{float:left;text-align:center;line-height:1;font-size:50px}.elementor-widget-text-editor .elementor-drop-cap-letter{display:inline-block}<\/style>\t\t\t\t<p>Sich pl\u00f6tzlich in einer Situation wiederzufinden, in der gesundheitliche Betreuung in einem fremden Land notwendig wird, kann beunruhigend und be\u00e4ngstigend sein. Was im Heimatland verst\u00e4ndlich und klar ist, kann sich im Ausland als stressig und verwirrend anf\u00fchlen, insbesondere wenn Sie eine unerwartete Gesundheitskrise durchmachen oder langfristige Unterst\u00fctzung bei einer neu diagnostizierten chronischen Krankheit ben\u00f6tigen.<\/p>\n<p><\/p>\n<p><\/p>\n<p>W\u00e4hrend das \u00c4rztezentrum NeuroLoul\u00e9 private Gesundheitsversorgung anbietet, bedeutet unser Engagement f\u00fcr das Wohlergehen unserer Patienten aber auch, dass wir Sie gerne beraten, sollte eine weitere Behandlung im \u00f6ffentlichen Gesundheitswesen die bessere L\u00f6sung f\u00fcr den Patienten sein.<\/p>\n<p>Von der Erl\u00e4uterung der notwendigen Schritte zum Erwerb einer SNS-Nummer (N\u00famero de Utente) bis hin zur Beratung zu notwendigen Wegen bei weiteren Behandlungen ist unser Team bestrebt, sicherzustellen, dass Ihre Erfahrungen so unkompliziert wie m\u00f6glich sind.<\/p>\n<p>F\u00fcr weitere Informationen kontaktieren Sie uns, um mit einem Mitglied unseres Teams zu sprechen<\/p>\t\t\t\t\t\t<\/div>\n\t\t\t\t<\/div>\n\t\t\t\t<div class=\"elementor-element elementor-element-c174895 elementor-widget__width-auto elementor-widget elementor-widget-allsmiles_core_button\" data-id=\"c174895\" data-element_type=\"widget\" data-widget_type=\"allsmiles_core_button.default\">\n\t\t\t\t<div class=\"elementor-widget-container\">\n\t\t\t<a class=\"qodef-shortcode qodef-m  qodef-button qodef-layout--filled   qodef-html--link qodef-direction-animation\" href=\"\/de\/kontakt\/\" target=\"_self\" data-hover-background-color=\"#941305\" style=\"background-color: #747D90\">\n\t<span class=\"qodef-m-text\">Kontaktieren Sie uns<\/span>\n\t\t\t<span class=\"qodef-btn-background-holder\">\n\t        <span class=\"qodef-btn-background\"><\/span>\n\t    <\/span>\n\t<\/a>\n\t\t<\/div>\n\t\t\t\t<\/div>\n\t\t\t\t\t<\/div>\n\t\t<\/div>\n\t\t\t\t<div class=\"elementor-column elementor-col-50 elementor-top-column elementor-element elementor-element-89ff727 elementor-hidden-tablet elementor-hidden-mobile elementor-hidden-desktop\" data-id=\"89ff727\" data-element_type=\"column\">\n\t\t\t<div class=\"elementor-widget-wrap\">\n\t\t\t\t\t\t\t\t\t<\/div>\n\t\t<\/div>\n\t\t\t\t\t\t\t<\/div>\n\t\t<\/section>\n\t\t\t\t<section class=\"elementor-section elementor-top-section elementor-element elementor-element-2e09f15 qodef-elementor-content-grid elementor-section-boxed elementor-section-height-default elementor-section-height-default\" data-id=\"2e09f15\" data-element_type=\"section\" data-settings=\"{&quot;background_background&quot;:&quot;classic&quot;}\">\n\t\t\t\t\t\t<div class=\"elementor-container elementor-column-gap-no\">\n\t\t\t\t\t<div class=\"elementor-column elementor-col-100 elementor-top-column elementor-element elementor-element-0063a4f\" data-id=\"0063a4f\" data-element_type=\"column\">\n\t\t\t<div class=\"elementor-widget-wrap elementor-element-populated\">\n\t\t\t\t\t\t\t\t<div class=\"elementor-element elementor-element-22c6f6c elementor-widget elementor-widget-allsmiles_core_call_to_action\" data-id=\"22c6f6c\" data-element_type=\"widget\" data-widget_type=\"allsmiles_core_call_to_action.default\">\n\t\t\t\t<div class=\"elementor-widget-container\">\n\t\t\t<div class=\"qodef-shortcode qodef-m  qodef-call-to-action qodef-layout--standard qodef-style--stretched\">\n\t<div class=\"qodef-m-inner\">\n\t\t\t<div class=\"qodef-m-content\"><h4 style=\"color: #030303;\">Buchen Sie Ihre Online-<span style=\"color: #941305;\">Beratung<\/span><\/h4>\n<h6 class=\"qodef-cta-aditional\" style=\"color: #fff; margin-top: -7px;\">NeuroLoul\u00e9 - Bereitstellung einer au\u00dfergew\u00f6hnlichen Gesundheitsversorgung an der Algarve, seit 2003.<\/h6><\/div>\n\t\t\t<div class=\"qodef-m-button\">\n\t\t<a class=\"qodef-shortcode qodef-m  qodef-button qodef-layout--filled   qodef-html--link qodef-direction-animation\" href=\"\/de\/kontakt\/\" target=\"_self\" data-hover-color=\"#FFFFFF\" data-hover-background-color=\"#941305\" style=\"color: #747D90;background-color: #FFFFFF\">\t<span class=\"qodef-m-text\">Buchen Sie einen Termin<\/span>\t\t\t<span class=\"qodef-btn-background-holder\">\t        <span class=\"qodef-btn-background\"><\/span>\t    <\/span>\t<\/a>\t<\/div>\n\t<\/div>\n<\/div>\n\t\t<\/div>\n\t\t\t\t<\/div>\n\t\t\t\t\t<\/div>\n\t\t<\/div>\n\t\t\t\t\t\t\t<\/div>\n\t\t<\/section>\n\t\t\t\t\t\t\t<\/div>\n\t\t","protected":false},"excerpt":{"rendered":"<p>Informationen zum portugiesischen Gesundheitssystem und allgemeine Orientierung. SNS Orientierung Im \u00c4rztezentrum NeuroLoul\u00e9 bieten wir unseren Patienten eine qualitativ hochwertige Versorgung, aber in einigen F\u00e4llen kann eine weitere Betreuung im nationalen portugiesischen Gesundheitssystem der bessere Weg sein. Wir beraten und zeigen Wege und M\u00f6glichkeiten, um Zugang ins SNS-System zu bekommen, auf. Sich pl\u00f6tzlich in einer Situation [&hellip;]<\/p>\n","protected":false},"author":2,"featured_media":10322,"parent":0,"menu_order":0,"comment_status":"closed","ping_status":"closed","template":"page-full-width.php","meta":[],"yoast_head":"<!-- This site is optimized with the Yoast SEO plugin v17.0 - https:\/\/yoast.com\/wordpress\/plugins\/seo\/ -->\n<title>NeuroLoul\u00e9 - Servi\u00e7os M\u00e9dicos, LDA<\/title>\n<meta name=\"description\" content=\"The NeuroLoul\u00e9 Medical Centre is located in the centre of Loul\u00e9. The centre offers a variety of health care solutions for Algarve residents and holidaymakers alike, providing competent and professional support in all areas of healthcare in a calm and friendly atmosphere.\" \/>\n<meta name=\"robots\" content=\"index, follow, max-snippet:-1, max-image-preview:large, max-video-preview:-1\" \/>\n<link rel=\"canonical\" href=\"https:\/\/www.neuroloule.com\/de\/orientierung\/\" \/>\n<meta property=\"og:locale\" content=\"de_DE\" \/>\n<meta property=\"og:type\" content=\"article\" \/>\n<meta property=\"og:title\" content=\"NeuroLoul\u00e9 - Servi\u00e7os M\u00e9dicos, LDA\" \/>\n<meta property=\"og:description\" content=\"The NeuroLoul\u00e9 Medical Centre is located in the centre of Loul\u00e9. The centre offers a variety of health care solutions for Algarve residents and holidaymakers alike, providing competent and professional support in all areas of healthcare in a calm and friendly atmosphere.\" \/>\n<meta property=\"og:url\" content=\"https:\/\/www.neuroloule.com\/de\/orientierung\/\" \/>\n<meta property=\"og:site_name\" content=\"NeuroLoul\u00e9\" \/>\n<meta property=\"article:modified_time\" content=\"2023-03-17T11:22:20+00:00\" \/>\n<meta property=\"og:image\" content=\"https:\/\/www.neuroloule.com\/wp-content\/uploads\/2022\/06\/Neuroloule-logo-white_thumbnail_v3.png\" \/>\n\t<meta property=\"og:image:width\" content=\"350\" \/>\n\t<meta property=\"og:image:height\" content=\"300\" \/>\n<meta name=\"twitter:card\" content=\"summary_large_image\" \/>\n<meta name=\"twitter:label1\" content=\"Est. reading time\" \/>\n\t<meta name=\"twitter:data1\" content=\"2 Minuten\" \/>\n<script type=\"application\/ld+json\" class=\"yoast-schema-graph\">{\"@context\":\"https:\/\/schema.org\",\"@graph\":[{\"@type\":\"WebSite\",\"@id\":\"https:\/\/www.neuroloule.com\/#website\",\"url\":\"https:\/\/www.neuroloule.com\/\",\"name\":\"NeuroLoul\\u00e9\",\"description\":\"Servi\\u00e7os M\\u00e9dicos, LDA\",\"potentialAction\":[{\"@type\":\"SearchAction\",\"target\":{\"@type\":\"EntryPoint\",\"urlTemplate\":\"https:\/\/www.neuroloule.com\/?s={search_term_string}\"},\"query-input\":\"required name=search_term_string\"}],\"inLanguage\":\"de-DE\"},{\"@type\":\"ImageObject\",\"@id\":\"https:\/\/www.neuroloule.com\/de\/orientierung\/#primaryimage\",\"inLanguage\":\"de-DE\",\"url\":\"https:\/\/www.neuroloule.com\/wp-content\/uploads\/2022\/06\/Neuroloule-logo-white_thumbnail_v3.png\",\"contentUrl\":\"https:\/\/www.neuroloule.com\/wp-content\/uploads\/2022\/06\/Neuroloule-logo-white_thumbnail_v3.png\",\"width\":350,\"height\":300},{\"@type\":\"WebPage\",\"@id\":\"https:\/\/www.neuroloule.com\/de\/orientierung\/#webpage\",\"url\":\"https:\/\/www.neuroloule.com\/de\/orientierung\/\",\"name\":\"NeuroLoul\\u00e9 - Servi\\u00e7os M\\u00e9dicos, LDA\",\"isPartOf\":{\"@id\":\"https:\/\/www.neuroloule.com\/#website\"},\"primaryImageOfPage\":{\"@id\":\"https:\/\/www.neuroloule.com\/de\/orientierung\/#primaryimage\"},\"datePublished\":\"2022-11-16T02:17:51+00:00\",\"dateModified\":\"2023-03-17T11:22:20+00:00\",\"description\":\"The NeuroLoul\\u00e9 Medical Centre is located in the centre of Loul\\u00e9. The centre offers a variety of health care solutions for Algarve residents and holidaymakers alike, providing competent and professional support in all areas of healthcare in a calm and friendly atmosphere.\",\"breadcrumb\":{\"@id\":\"https:\/\/www.neuroloule.com\/de\/orientierung\/#breadcrumb\"},\"inLanguage\":\"de-DE\",\"potentialAction\":[{\"@type\":\"ReadAction\",\"target\":[\"https:\/\/www.neuroloule.com\/de\/orientierung\/\"]}]},{\"@type\":\"BreadcrumbList\",\"@id\":\"https:\/\/www.neuroloule.com\/de\/orientierung\/#breadcrumb\",\"itemListElement\":[{\"@type\":\"ListItem\",\"position\":1,\"name\":\"Home\",\"item\":\"https:\/\/www.neuroloule.com\/pt-pt\/\"},{\"@type\":\"ListItem\",\"position\":2,\"name\":\"Orientierung\"}]}]}<\/script>\n<!-- \/ Yoast SEO plugin. -->","yoast_head_json":{"title":"NeuroLoul\u00e9 - Servi\u00e7os M\u00e9dicos, LDA","description":"The NeuroLoul\u00e9 Medical Centre is located in the centre of Loul\u00e9. The centre offers a variety of health care solutions for Algarve residents and holidaymakers alike, providing competent and professional support in all areas of healthcare in a calm and friendly atmosphere.","robots":{"index":"index","follow":"follow","max-snippet":"max-snippet:-1","max-image-preview":"max-image-preview:large","max-video-preview":"max-video-preview:-1"},"canonical":"https:\/\/www.neuroloule.com\/de\/orientierung\/","og_locale":"de_DE","og_type":"article","og_title":"NeuroLoul\u00e9 - Servi\u00e7os M\u00e9dicos, LDA","og_description":"The NeuroLoul\u00e9 Medical Centre is located in the centre of Loul\u00e9. The centre offers a variety of health care solutions for Algarve residents and holidaymakers alike, providing competent and professional support in all areas of healthcare in a calm and friendly atmosphere.","og_url":"https:\/\/www.neuroloule.com\/de\/orientierung\/","og_site_name":"NeuroLoul\u00e9","article_modified_time":"2023-03-17T11:22:20+00:00","og_image":[{"width":350,"height":300,"url":"https:\/\/www.neuroloule.com\/wp-content\/uploads\/2022\/06\/Neuroloule-logo-white_thumbnail_v3.png","path":"\/home1\/neuroloule\/staging\/wp-content\/uploads\/2022\/06\/Neuroloule-logo-white_thumbnail_v3.png","size":"full","id":10322,"alt":"","pixels":105000,"type":"image\/png"}],"twitter_card":"summary_large_image","twitter_misc":{"Est. reading time":"2 Minuten"},"schema":{"@context":"https:\/\/schema.org","@graph":[{"@type":"WebSite","@id":"https:\/\/www.neuroloule.com\/#website","url":"https:\/\/www.neuroloule.com\/","name":"NeuroLoul\u00e9","description":"Servi\u00e7os M\u00e9dicos, LDA","potentialAction":[{"@type":"SearchAction","target":{"@type":"EntryPoint","urlTemplate":"https:\/\/www.neuroloule.com\/?s={search_term_string}"},"query-input":"required name=search_term_string"}],"inLanguage":"de-DE"},{"@type":"ImageObject","@id":"https:\/\/www.neuroloule.com\/de\/orientierung\/#primaryimage","inLanguage":"de-DE","url":"https:\/\/www.neuroloule.com\/wp-content\/uploads\/2022\/06\/Neuroloule-logo-white_thumbnail_v3.png","contentUrl":"https:\/\/www.neuroloule.com\/wp-content\/uploads\/2022\/06\/Neuroloule-logo-white_thumbnail_v3.png","width":350,"height":300},{"@type":"WebPage","@id":"https:\/\/www.neuroloule.com\/de\/orientierung\/#webpage","url":"https:\/\/www.neuroloule.com\/de\/orientierung\/","name":"NeuroLoul\u00e9 - Servi\u00e7os M\u00e9dicos, LDA","isPartOf":{"@id":"https:\/\/www.neuroloule.com\/#website"},"primaryImageOfPage":{"@id":"https:\/\/www.neuroloule.com\/de\/orientierung\/#primaryimage"},"datePublished":"2022-11-16T02:17:51+00:00","dateModified":"2023-03-17T11:22:20+00:00","description":"The NeuroLoul\u00e9 Medical Centre is located in the centre of Loul\u00e9. The centre offers a variety of health care solutions for Algarve residents and holidaymakers alike, providing competent and professional support in all areas of healthcare in a calm and friendly atmosphere.","breadcrumb":{"@id":"https:\/\/www.neuroloule.com\/de\/orientierung\/#breadcrumb"},"inLanguage":"de-DE","potentialAction":[{"@type":"ReadAction","target":["https:\/\/www.neuroloule.com\/de\/orientierung\/"]}]},{"@type":"BreadcrumbList","@id":"https:\/\/www.neuroloule.com\/de\/orientierung\/#breadcrumb","itemListElement":[{"@type":"ListItem","position":1,"name":"Home","item":"https:\/\/www.neuroloule.com\/pt-pt\/"},{"@type":"ListItem","position":2,"name":"Orientierung"}]}]}},"_links":{"self":[{"href":"https:\/\/www.neuroloule.com\/de\/wp-json\/wp\/v2\/pages\/15056"}],"collection":[{"href":"https:\/\/www.neuroloule.com\/de\/wp-json\/wp\/v2\/pages"}],"about":[{"href":"https:\/\/www.neuroloule.com\/de\/wp-json\/wp\/v2\/types\/page"}],"author":[{"embeddable":true,"href":"https:\/\/www.neuroloule.com\/de\/wp-json\/wp\/v2\/users\/2"}],"replies":[{"embeddable":true,"href":"https:\/\/www.neuroloule.com\/de\/wp-json\/wp\/v2\/comments?post=15056"}],"version-history":[{"count":10,"href":"https:\/\/www.neuroloule.com\/de\/wp-json\/wp\/v2\/pages\/15056\/revisions"}],"predecessor-version":[{"id":17128,"href":"https:\/\/www.neuroloule.com\/de\/wp-json\/wp\/v2\/pages\/15056\/revisions\/17128"}],"wp:featuredmedia":[{"embeddable":true,"href":"https:\/\/www.neuroloule.com\/de\/wp-json\/wp\/v2\/media\/10322"}],"wp:attachment":[{"href":"https:\/\/www.neuroloule.com\/de\/wp-json\/wp\/v2\/media?parent=15056"}],"curies":[{"name":"wp","href":"https:\/\/api.w.org\/{rel}","templated":true}]}}