{"id":19566,"date":"2026-01-28T18:20:37","date_gmt":"2026-01-28T18:20:37","guid":{"rendered":"https:\/\/www.neuroloule.com\/?page_id=19566"},"modified":"2026-01-28T18:24:42","modified_gmt":"2026-01-28T18:24:42","slug":"impressum-de","status":"publish","type":"page","link":"https:\/\/www.neuroloule.com\/de\/impressum-de\/","title":{"rendered":"Impressum"},"content":{"rendered":"\t\t<div data-elementor-type=\"wp-page\" data-elementor-id=\"19566\" class=\"elementor elementor-19566\">\n\t\t\t\t\t\t\t\t\t<section class=\"elementor-section elementor-top-section elementor-element elementor-element-0871cf5 qodef-elementor-content-grid custom_background_overlay elementor-section-boxed elementor-section-height-default elementor-section-height-default\" data-id=\"0871cf5\" data-element_type=\"section\">\n\t\t\t\t\t\t\t<div class=\"elementor-background-overlay\"><\/div>\n\t\t\t\t\t\t\t<div class=\"elementor-container elementor-column-gap-no\">\n\t\t\t\t\t<div class=\"elementor-column elementor-col-100 elementor-top-column elementor-element elementor-element-5613604\" data-id=\"5613604\" data-element_type=\"column\">\n\t\t\t<div class=\"elementor-widget-wrap elementor-element-populated\">\n\t\t\t\t\t\t\t\t<div class=\"elementor-element elementor-element-2a2900b elementor-widget elementor-widget-allsmiles_core_section_title\" data-id=\"2a2900b\" data-element_type=\"widget\" data-widget_type=\"allsmiles_core_section_title.default\">\n\t\t\t\t<div class=\"elementor-widget-container\">\n\t\t\t<div class=\"qodef-shortcode qodef-m  qodef-section-title qodef-alignment--left \">\n\t\t\t<h1 class=\"qodef-m-title\" >\n\t\t\t\t\tImpressum\t\t\t<\/h1>\n\t<\/div>\n\t\t<\/div>\n\t\t\t\t<\/div>\n\t\t\t\t<div class=\"elementor-element elementor-element-04c76e9 elementor-widget elementor-widget-text-editor\" data-id=\"04c76e9\" data-element_type=\"widget\" data-widget_type=\"text-editor.default\">\n\t\t\t\t<div class=\"elementor-widget-container\">\n\t\t\t<style>\/*! elementor - v3.6.5 - 27-04-2022 *\/\n.elementor-widget-text-editor.elementor-drop-cap-view-stacked .elementor-drop-cap{background-color:#818a91;color:#fff}.elementor-widget-text-editor.elementor-drop-cap-view-framed .elementor-drop-cap{color:#818a91;border:3px solid;background-color:transparent}.elementor-widget-text-editor:not(.elementor-drop-cap-view-default) .elementor-drop-cap{margin-top:8px}.elementor-widget-text-editor:not(.elementor-drop-cap-view-default) .elementor-drop-cap-letter{width:1em;height:1em}.elementor-widget-text-editor .elementor-drop-cap{float:left;text-align:center;line-height:1;font-size:50px}.elementor-widget-text-editor .elementor-drop-cap-letter{display:inline-block}<\/style>\t\t\t\t<p>Betreiber:&nbsp;&nbsp;<\/p><p>Neuroloule, Lda<br>Rua Marqu\u00eas de Pombal, 7<br>8100-706 Loul\u00e9<br>Portugal<\/p><p>NIF 506275779\u00b4<\/p><p>Gesch\u00e4ftsf\u00fchrer: Gil Guerreiro Jo\u00e3o<\/p><p>Inhaltlich verantwortlich: Ines Santos Jo\u00e3o<\/p><p><br><\/p><p>Kontakt: info@neuroloule.com<\/p><p>Telefon: 00351 289422933<\/p><p><br><\/p><p>Registriert in der ERS (Entidade Reguladora de Saude): E113234<\/p><p>www.ers.pt<\/p><p><br><\/p><p>Plattform der EU-Kommission zur Online-Streitbeilegung: https:\/\/ec.europa.eu\/consumers\/odr<\/p><p>Wir sind zur Teilnahme an einem Streitbeilegungsverfahren vor einer Verbraucherschlichtungsstelle weder verpflichtet noch bereit.<\/p>\t\t\t\t\t\t<\/div>\n\t\t\t\t<\/div>\n\t\t\t\t\t<\/div>\n\t\t<\/div>\n\t\t\t\t\t\t\t<\/div>\n\t\t<\/section>\n\t\t\t\t<section class=\"elementor-section elementor-top-section elementor-element elementor-element-bbb0509 qodef-elementor-content-grid elementor-section-boxed elementor-section-height-default elementor-section-height-default\" data-id=\"bbb0509\" data-element_type=\"section\" data-settings=\"{&quot;background_background&quot;:&quot;classic&quot;}\">\n\t\t\t\t\t\t<div class=\"elementor-container elementor-column-gap-no\">\n\t\t\t\t\t<div class=\"elementor-column elementor-col-100 elementor-top-column elementor-element elementor-element-3e1ec87\" data-id=\"3e1ec87\" data-element_type=\"column\">\n\t\t\t<div class=\"elementor-widget-wrap elementor-element-populated\">\n\t\t\t\t\t\t\t\t<div class=\"elementor-element elementor-element-3126815 elementor-widget elementor-widget-allsmiles_core_call_to_action\" data-id=\"3126815\" data-element_type=\"widget\" data-widget_type=\"allsmiles_core_call_to_action.default\">\n\t\t\t\t<div class=\"elementor-widget-container\">\n\t\t\t<div class=\"qodef-shortcode qodef-m  qodef-call-to-action qodef-layout--standard qodef-style--stretched\">\n\t<div class=\"qodef-m-inner\">\n\t\t\t<div class=\"qodef-m-content\"><h4 style=\"color: #030303;\">Buchen Sie Ihren <span style=\"color: #941305;\">Termin.<\/span><\/h4>\n<h6 class=\"qodef-cta-aditional\" style=\"color: #fff; margin-top: -7px;\">NeuroLoul\u00e9 - Umfassende und kompetente medizinische Betreuung in der Algarve.<\/h6><\/div>\n\t\t\t<div class=\"qodef-m-button\">\n\t\t<a class=\"qodef-shortcode qodef-m  qodef-button qodef-layout--filled   qodef-html--link qodef-direction-animation\" href=\"\/de\/kontakt\/\" target=\"_self\" data-hover-color=\"#FFFFFF\" data-hover-background-color=\"#941305\" style=\"color: #747D90;background-color: #FFFFFF\">\t<span class=\"qodef-m-text\">Buchen Sie einen Termin<\/span>\t\t\t<span class=\"qodef-btn-background-holder\">\t        <span class=\"qodef-btn-background\"><\/span>\t    <\/span>\t<\/a>\t<\/div>\n\t<\/div>\n<\/div>\n\t\t<\/div>\n\t\t\t\t<\/div>\n\t\t\t\t\t<\/div>\n\t\t<\/div>\n\t\t\t\t\t\t\t<\/div>\n\t\t<\/section>\n\t\t\t\t\t\t\t<\/div>\n\t\t","protected":false},"excerpt":{"rendered":"<p>Impressum Betreiber:&nbsp;&nbsp; Neuroloule, LdaRua Marqu\u00eas de Pombal, 78100-706 Loul\u00e9Portugal NIF 506275779\u00b4 Gesch\u00e4ftsf\u00fchrer: Gil Guerreiro Jo\u00e3o Inhaltlich verantwortlich: Ines Santos Jo\u00e3o Kontakt: info@neuroloule.com Telefon: 00351 289422933 Registriert in der ERS (Entidade Reguladora de Saude): E113234 www.ers.pt Plattform der EU-Kommission zur Online-Streitbeilegung: https:\/\/ec.europa.eu\/consumers\/odr Wir sind zur Teilnahme an einem Streitbeilegungsverfahren vor einer Verbraucherschlichtungsstelle weder verpflichtet noch bereit. [&hellip;]<\/p>\n","protected":false},"author":13,"featured_media":10322,"parent":0,"menu_order":0,"comment_status":"closed","ping_status":"closed","template":"page-full-width.php","meta":[],"yoast_head":"<!-- This site is optimized with the Yoast SEO plugin v17.0 - https:\/\/yoast.com\/wordpress\/plugins\/seo\/ -->\n<title>NeuroLoul\u00e9 - Servi\u00e7os M\u00e9dicos, LDA<\/title>\n<meta name=\"description\" content=\"The NeuroLoul\u00e9 Medical Centre is located in the centre of Loul\u00e9. The centre offers a variety of health care solutions for Algarve residents and holidaymakers alike, providing competent and professional support in all areas of healthcare in a calm and friendly atmosphere.\" \/>\n<meta name=\"robots\" content=\"index, follow, max-snippet:-1, max-image-preview:large, max-video-preview:-1\" \/>\n<link rel=\"canonical\" href=\"https:\/\/www.neuroloule.com\/de\/impressum-de\/\" \/>\n<meta property=\"og:locale\" content=\"de_DE\" \/>\n<meta property=\"og:type\" content=\"article\" \/>\n<meta property=\"og:title\" content=\"NeuroLoul\u00e9 - Servi\u00e7os M\u00e9dicos, LDA\" \/>\n<meta property=\"og:description\" content=\"The NeuroLoul\u00e9 Medical Centre is located in the centre of Loul\u00e9. The centre offers a variety of health care solutions for Algarve residents and holidaymakers alike, providing competent and professional support in all areas of healthcare in a calm and friendly atmosphere.\" \/>\n<meta property=\"og:url\" content=\"https:\/\/www.neuroloule.com\/de\/impressum-de\/\" \/>\n<meta property=\"og:site_name\" content=\"NeuroLoul\u00e9\" \/>\n<meta property=\"article:modified_time\" content=\"2026-01-28T18:24:42+00:00\" \/>\n<meta property=\"og:image\" content=\"https:\/\/www.neuroloule.com\/wp-content\/uploads\/2022\/06\/Neuroloule-logo-white_thumbnail_v3.png\" \/>\n\t<meta property=\"og:image:width\" content=\"350\" \/>\n\t<meta property=\"og:image:height\" content=\"300\" \/>\n<meta name=\"twitter:card\" content=\"summary_large_image\" \/>\n<meta name=\"twitter:label1\" content=\"Est. reading time\" \/>\n\t<meta name=\"twitter:data1\" content=\"1 Minute\" \/>\n<script type=\"application\/ld+json\" class=\"yoast-schema-graph\">{\"@context\":\"https:\/\/schema.org\",\"@graph\":[{\"@type\":\"WebSite\",\"@id\":\"https:\/\/www.neuroloule.com\/#website\",\"url\":\"https:\/\/www.neuroloule.com\/\",\"name\":\"NeuroLoul\\u00e9\",\"description\":\"Servi\\u00e7os M\\u00e9dicos, LDA\",\"potentialAction\":[{\"@type\":\"SearchAction\",\"target\":{\"@type\":\"EntryPoint\",\"urlTemplate\":\"https:\/\/www.neuroloule.com\/?s={search_term_string}\"},\"query-input\":\"required name=search_term_string\"}],\"inLanguage\":\"de-DE\"},{\"@type\":\"ImageObject\",\"@id\":\"https:\/\/www.neuroloule.com\/de\/impressum-de\/#primaryimage\",\"inLanguage\":\"de-DE\",\"url\":\"https:\/\/www.neuroloule.com\/wp-content\/uploads\/2022\/06\/Neuroloule-logo-white_thumbnail_v3.png\",\"contentUrl\":\"https:\/\/www.neuroloule.com\/wp-content\/uploads\/2022\/06\/Neuroloule-logo-white_thumbnail_v3.png\",\"width\":350,\"height\":300},{\"@type\":\"WebPage\",\"@id\":\"https:\/\/www.neuroloule.com\/de\/impressum-de\/#webpage\",\"url\":\"https:\/\/www.neuroloule.com\/de\/impressum-de\/\",\"name\":\"NeuroLoul\\u00e9 - Servi\\u00e7os M\\u00e9dicos, LDA\",\"isPartOf\":{\"@id\":\"https:\/\/www.neuroloule.com\/#website\"},\"primaryImageOfPage\":{\"@id\":\"https:\/\/www.neuroloule.com\/de\/impressum-de\/#primaryimage\"},\"datePublished\":\"2026-01-28T18:20:37+00:00\",\"dateModified\":\"2026-01-28T18:24:42+00:00\",\"description\":\"The NeuroLoul\\u00e9 Medical Centre is located in the centre of Loul\\u00e9. The centre offers a variety of health care solutions for Algarve residents and holidaymakers alike, providing competent and professional support in all areas of healthcare in a calm and friendly atmosphere.\",\"breadcrumb\":{\"@id\":\"https:\/\/www.neuroloule.com\/de\/impressum-de\/#breadcrumb\"},\"inLanguage\":\"de-DE\",\"potentialAction\":[{\"@type\":\"ReadAction\",\"target\":[\"https:\/\/www.neuroloule.com\/de\/impressum-de\/\"]}]},{\"@type\":\"BreadcrumbList\",\"@id\":\"https:\/\/www.neuroloule.com\/de\/impressum-de\/#breadcrumb\",\"itemListElement\":[{\"@type\":\"ListItem\",\"position\":1,\"name\":\"Home\",\"item\":\"https:\/\/www.neuroloule.com\/pt-pt\/\"},{\"@type\":\"ListItem\",\"position\":2,\"name\":\"Impressum\"}]}]}<\/script>\n<!-- \/ Yoast SEO plugin. -->","yoast_head_json":{"title":"NeuroLoul\u00e9 - Servi\u00e7os M\u00e9dicos, LDA","description":"The NeuroLoul\u00e9 Medical Centre is located in the centre of Loul\u00e9. The centre offers a variety of health care solutions for Algarve residents and holidaymakers alike, providing competent and professional support in all areas of healthcare in a calm and friendly atmosphere.","robots":{"index":"index","follow":"follow","max-snippet":"max-snippet:-1","max-image-preview":"max-image-preview:large","max-video-preview":"max-video-preview:-1"},"canonical":"https:\/\/www.neuroloule.com\/de\/impressum-de\/","og_locale":"de_DE","og_type":"article","og_title":"NeuroLoul\u00e9 - Servi\u00e7os M\u00e9dicos, LDA","og_description":"The NeuroLoul\u00e9 Medical Centre is located in the centre of Loul\u00e9. The centre offers a variety of health care solutions for Algarve residents and holidaymakers alike, providing competent and professional support in all areas of healthcare in a calm and friendly atmosphere.","og_url":"https:\/\/www.neuroloule.com\/de\/impressum-de\/","og_site_name":"NeuroLoul\u00e9","article_modified_time":"2026-01-28T18:24:42+00:00","og_image":[{"width":350,"height":300,"url":"https:\/\/www.neuroloule.com\/wp-content\/uploads\/2022\/06\/Neuroloule-logo-white_thumbnail_v3.png","path":"\/home1\/neuroloule\/public_html\/wp-content\/uploads\/2022\/06\/Neuroloule-logo-white_thumbnail_v3.png","size":"full","id":10322,"alt":"","pixels":105000,"type":"image\/png"}],"twitter_card":"summary_large_image","twitter_misc":{"Est. reading time":"1 Minute"},"schema":{"@context":"https:\/\/schema.org","@graph":[{"@type":"WebSite","@id":"https:\/\/www.neuroloule.com\/#website","url":"https:\/\/www.neuroloule.com\/","name":"NeuroLoul\u00e9","description":"Servi\u00e7os M\u00e9dicos, LDA","potentialAction":[{"@type":"SearchAction","target":{"@type":"EntryPoint","urlTemplate":"https:\/\/www.neuroloule.com\/?s={search_term_string}"},"query-input":"required name=search_term_string"}],"inLanguage":"de-DE"},{"@type":"ImageObject","@id":"https:\/\/www.neuroloule.com\/de\/impressum-de\/#primaryimage","inLanguage":"de-DE","url":"https:\/\/www.neuroloule.com\/wp-content\/uploads\/2022\/06\/Neuroloule-logo-white_thumbnail_v3.png","contentUrl":"https:\/\/www.neuroloule.com\/wp-content\/uploads\/2022\/06\/Neuroloule-logo-white_thumbnail_v3.png","width":350,"height":300},{"@type":"WebPage","@id":"https:\/\/www.neuroloule.com\/de\/impressum-de\/#webpage","url":"https:\/\/www.neuroloule.com\/de\/impressum-de\/","name":"NeuroLoul\u00e9 - Servi\u00e7os M\u00e9dicos, LDA","isPartOf":{"@id":"https:\/\/www.neuroloule.com\/#website"},"primaryImageOfPage":{"@id":"https:\/\/www.neuroloule.com\/de\/impressum-de\/#primaryimage"},"datePublished":"2026-01-28T18:20:37+00:00","dateModified":"2026-01-28T18:24:42+00:00","description":"The NeuroLoul\u00e9 Medical Centre is located in the centre of Loul\u00e9. The centre offers a variety of health care solutions for Algarve residents and holidaymakers alike, providing competent and professional support in all areas of healthcare in a calm and friendly atmosphere.","breadcrumb":{"@id":"https:\/\/www.neuroloule.com\/de\/impressum-de\/#breadcrumb"},"inLanguage":"de-DE","potentialAction":[{"@type":"ReadAction","target":["https:\/\/www.neuroloule.com\/de\/impressum-de\/"]}]},{"@type":"BreadcrumbList","@id":"https:\/\/www.neuroloule.com\/de\/impressum-de\/#breadcrumb","itemListElement":[{"@type":"ListItem","position":1,"name":"Home","item":"https:\/\/www.neuroloule.com\/pt-pt\/"},{"@type":"ListItem","position":2,"name":"Impressum"}]}]}},"_links":{"self":[{"href":"https:\/\/www.neuroloule.com\/de\/wp-json\/wp\/v2\/pages\/19566"}],"collection":[{"href":"https:\/\/www.neuroloule.com\/de\/wp-json\/wp\/v2\/pages"}],"about":[{"href":"https:\/\/www.neuroloule.com\/de\/wp-json\/wp\/v2\/types\/page"}],"author":[{"embeddable":true,"href":"https:\/\/www.neuroloule.com\/de\/wp-json\/wp\/v2\/users\/13"}],"replies":[{"embeddable":true,"href":"https:\/\/www.neuroloule.com\/de\/wp-json\/wp\/v2\/comments?post=19566"}],"version-history":[{"count":4,"href":"https:\/\/www.neuroloule.com\/de\/wp-json\/wp\/v2\/pages\/19566\/revisions"}],"predecessor-version":[{"id":19570,"href":"https:\/\/www.neuroloule.com\/de\/wp-json\/wp\/v2\/pages\/19566\/revisions\/19570"}],"wp:featuredmedia":[{"embeddable":true,"href":"https:\/\/www.neuroloule.com\/de\/wp-json\/wp\/v2\/media\/10322"}],"wp:attachment":[{"href":"https:\/\/www.neuroloule.com\/de\/wp-json\/wp\/v2\/media?parent=19566"}],"curies":[{"name":"wp","href":"https:\/\/api.w.org\/{rel}","templated":true}]}}