{"id":15024,"date":"2022-07-05T16:01:53","date_gmt":"2022-07-05T16:01:53","guid":{"rendered":"https:\/\/www.neuroloule.com\/blog\/"},"modified":"2026-01-21T17:57:18","modified_gmt":"2026-01-21T17:57:18","slug":"noticias","status":"publish","type":"page","link":"https:\/\/www.neuroloule.com\/pt-pt\/noticias\/","title":{"rendered":"Not\u00edcias"},"content":{"rendered":"\t\t<div data-elementor-type=\"wp-page\" data-elementor-id=\"15024\" class=\"elementor elementor-15024 elementor-11559\">\n\t\t\t\t\t\t\t\t\t<section class=\"elementor-section elementor-top-section elementor-element elementor-element-0871cf5 qodef-elementor-content-grid custom_background_overlay elementor-section-boxed elementor-section-height-default elementor-section-height-default\" data-id=\"0871cf5\" data-element_type=\"section\">\n\t\t\t\t\t\t\t<div class=\"elementor-background-overlay\"><\/div>\n\t\t\t\t\t\t\t<div class=\"elementor-container elementor-column-gap-no\">\n\t\t\t\t\t<div class=\"elementor-column elementor-col-100 elementor-top-column elementor-element elementor-element-5613604\" data-id=\"5613604\" data-element_type=\"column\">\n\t\t\t<div class=\"elementor-widget-wrap elementor-element-populated\">\n\t\t\t\t\t\t\t\t<div class=\"elementor-element elementor-element-2a2900b elementor-widget elementor-widget-allsmiles_core_section_title\" data-id=\"2a2900b\" data-element_type=\"widget\" data-widget_type=\"allsmiles_core_section_title.default\">\n\t\t\t\t<div class=\"elementor-widget-container\">\n\t\t\t<div class=\"qodef-shortcode qodef-m  qodef-section-title qodef-alignment--left \">\n\t\t<h5 class=\"qodef-m-subtitle\" style=\"margin-bottom: 7px\">\n\t\tNot\u00edcias e Publica\u00e7\u00f5es\t<\/h5>\n\t\t<h1 class=\"qodef-m-title\" >\n\t\t\t\t\tNot\u00edcias\t\t\t<\/h1>\n\t\t<p class=\"qodef-m-text\" style=\"margin-top: 17px\">\n\t\tVeja aqui as not\u00edcias e publica\u00e7\u00f5es que partilhamos.\t<\/p>\n<\/div>\n\t\t<\/div>\n\t\t\t\t<\/div>\n\t\t\t\t<div class=\"elementor-element elementor-element-280fed7 elementor-widget-tablet__width-inherit elementor-widget-mobile__width-inherit elementor-widget elementor-widget-allsmiles_core_blog_list\" data-id=\"280fed7\" data-element_type=\"widget\" data-widget_type=\"allsmiles_core_blog_list.default\">\n\t\t\t\t<div class=\"elementor-widget-container\">\n\t\t\t<div class=\"qodef-shortcode qodef-m  qodef-blog qodef--list qodef-item-layout--standard qodef-grid qodef-layout--masonry  qodef-gutter--medium qodef-col-num--3 qodef-item-layout--standard qodef-pagination--on qodef-pagination-type--standard qodef-responsive--custom qodef-col-num--1440--3 qodef-col-num--1366--3 qodef-col-num--1024--3 qodef-col-num--768--2 qodef-col-num--680--2 qodef-col-num--480--1\" data-options=\"{&quot;plugin&quot;:&quot;allsmiles_core&quot;,&quot;module&quot;:&quot;blog\\\/shortcodes&quot;,&quot;shortcode&quot;:&quot;blog-list&quot;,&quot;post_type&quot;:&quot;post&quot;,&quot;next_page&quot;:&quot;2&quot;,&quot;max_pages_num&quot;:1,&quot;behavior&quot;:&quot;masonry&quot;,&quot;columns&quot;:&quot;3&quot;,&quot;columns_responsive&quot;:&quot;custom&quot;,&quot;columns_1440&quot;:&quot;3&quot;,&quot;columns_1366&quot;:&quot;3&quot;,&quot;columns_1024&quot;:&quot;3&quot;,&quot;columns_768&quot;:&quot;2&quot;,&quot;columns_680&quot;:&quot;2&quot;,&quot;columns_480&quot;:&quot;1&quot;,&quot;space&quot;:&quot;medium&quot;,&quot;posts_per_page&quot;:&quot;9&quot;,&quot;orderby&quot;:&quot;date&quot;,&quot;order&quot;:&quot;DESC&quot;,&quot;additional_params&quot;:&quot;tax&quot;,&quot;tax&quot;:&quot;category&quot;,&quot;tax_slug&quot;:&quot;Not\\u00edcias&quot;,&quot;layout&quot;:&quot;standard&quot;,&quot;title_tag&quot;:&quot;h4&quot;,&quot;content_padding&quot;:&quot;25px&quot;,&quot;pagination_type&quot;:&quot;standard&quot;,&quot;enable_share&quot;:&quot;no&quot;,&quot;object_class_name&quot;:&quot;AllSmilesCore_Blog_List_Shortcode&quot;,&quot;taxonomy_filter&quot;:&quot;category&quot;,&quot;additional_query_args&quot;:{&quot;tax_query&quot;:[{&quot;taxonomy&quot;:&quot;category&quot;,&quot;field&quot;:&quot;slug&quot;,&quot;terms&quot;:&quot;Not\\u00edcias&quot;}]},&quot;space_value&quot;:20}\">\n\t\t<div class=\"qodef-grid-inner clear\">\n\t\t\t<div class=\"qodef-grid-masonry-sizer\"><\/div>\n\t<div class=\"qodef-grid-masonry-gutter\"><\/div>\n<article class=\"qodef-e qodef-blog-item qodef-grid-item post-19500 post type-post status-publish format-standard hentry category-noticias\">\n\t<div class=\"qodef-e-inner\">\n\t\t<div class=\"qodef-e-media\"  style=\"margin-bottom: 25px\">\n\t<\/div>\n\t\t<div class=\"qodef-e-content\">\n\t\t\t<div class=\"qodef-e-info qodef-info--top\">\n\t\t\t\t<div itemprop=\"dateCreated\" class=\"qodef-e-info-item qodef-e-info-date entry-date \">\n\t<a itemprop=\"url\" href=\"https:\/\/www.neuroloule.com\/pt-pt\/2026\/01\/\">\n\t\t16\/01\/2026\t<\/a>\n<\/div>\n<div class=\"qodef-e-info-item qodef-e-info-category\">\n\t<a href=\"https:\/\/www.neuroloule.com\/pt-pt\/category\/noticias\/\" rel=\"category tag\">Not\u00edcias<\/a><\/div>\n\t\t\t<\/div>\n\t\t\t<div class=\"qodef-e-text\">\n\t\t\t\t<h4 itemprop=\"name\" class=\"qodef-e-title entry-title\">\n\t\t\t<a itemprop=\"url\" class=\"qodef-e-title-link\" href=\"https:\/\/www.neuroloule.com\/pt-pt\/medicoa-m-f-d-para-colaboracao-e-substituicao-temporaria\/\">\n\t\t\tM\u00e9dico(a) (m\/f\/d) para colabora\u00e7\u00e3o e substitui\u00e7\u00e3o tempor\u00e1ria\t\t\t<\/a>\n\t<\/h4>\n\t\t<p itemprop=\"description\" class=\"qodef-e-excerpt\">Para a nossa cl\u00ednica privada internacional consolidada no Algarve, procuramos um(a) m\u00e9dico(a) dedicado(a) para se juntar \u00e0 nossa equipa e, em particular, para prestar servi\u00e7os de substitui\u00e7\u00e3o tempor\u00e1ria, com in\u00edcio imediato ou mediante acordo.<\/p>\n\t\t\t\t<\/div>\n\t\t\t<div class=\"qodef-e-info qodef-info--bottom\">\n\t\t\t\t<div class=\"qodef-e-info-left\">\n\t\t\t\t\t\t<div class=\"qodef-e-read-more\">\n\t\t<a class=\"qodef-shortcode qodef-m  qodef-button qodef-layout--textual   qodef-html--link \" href=\"https:\/\/www.neuroloule.com\/pt-pt\/medicoa-m-f-d-para-colaboracao-e-substituicao-temporaria\/\" target=\"_self\"  >\t<span class=\"qodef-m-text\">Ler Mais<\/span>\t<svg  xmlns=\"http:\/\/www.w3.org\/2000\/svg\" xmlns:xlink=\"http:\/\/www.w3.org\/1999\/xlink\" viewBox=\"0 0 38.3 38.3\" class=\"qodef-decoration\"><path d=\"M1.1,19.1c0,9.9,8.1,18,18,18s18-8.1,18-18s-8.1-18-18-18S1.1,9.2,1.1,19.1L1.1,19.1z\"\/><path class=\"round\" d=\"M1.1,19.1c0,9.9,8.1,18,18,18s18-8.1,18-18s-8.1-18-18-18S1.1,9.2,1.1,19.1L1.1,19.1z\"\/><polyline points=\"16.4,24.6 21.9,19.1 16.4,13.7\"\/><\/svg><\/a>\t<\/div>\n\t\t\t\t<\/div>\n\t\t\t\t\t\t\t<\/div>\n\t\t<\/div>\n\t<\/div>\n<\/article>\n<article class=\"qodef-e qodef-blog-item qodef-grid-item post-19196 post type-post status-publish format-standard hentry category-noticias\">\n\t<div class=\"qodef-e-inner\">\n\t\t<div class=\"qodef-e-media\"  style=\"margin-bottom: 25px\">\n\t<\/div>\n\t\t<div class=\"qodef-e-content\">\n\t\t\t<div class=\"qodef-e-info qodef-info--top\">\n\t\t\t\t<div itemprop=\"dateCreated\" class=\"qodef-e-info-item qodef-e-info-date entry-date \">\n\t<a itemprop=\"url\" href=\"https:\/\/www.neuroloule.com\/pt-pt\/2024\/04\/\">\n\t\t25\/04\/2024\t<\/a>\n<\/div>\n<div class=\"qodef-e-info-item qodef-e-info-category\">\n\t<a href=\"https:\/\/www.neuroloule.com\/pt-pt\/category\/noticias\/\" rel=\"category tag\">Not\u00edcias<\/a><\/div>\n\t\t\t<\/div>\n\t\t\t<div class=\"qodef-e-text\">\n\t\t\t\t<h4 itemprop=\"name\" class=\"qodef-e-title entry-title\">\n\t\t\t<a itemprop=\"url\" class=\"qodef-e-title-link\" href=\"https:\/\/www.neuroloule.com\/pt-pt\/higiene-do-sono\/\">\n\t\t\tHigiene do Sono\t\t\t<\/a>\n\t<\/h4>\n\t\t<p itemprop=\"description\" class=\"qodef-e-excerpt\">Tem dificuldades em ter uma boa noite de sono? Os problemas de sono, como ins\u00f3nia, apneia de sono, e mesmo outros mais raros como paras\u00f3nias e narcolepsia, podem ter um impacto bastante negativo em todos os aspectos do seu dia a dia, levando a uma exaust\u00e3o f\u00edsica e ps\u00edquica. A falta de qualidade do sono [&hellip;]<\/p>\n\t\t\t\t<\/div>\n\t\t\t<div class=\"qodef-e-info qodef-info--bottom\">\n\t\t\t\t<div class=\"qodef-e-info-left\">\n\t\t\t\t\t\t<div class=\"qodef-e-read-more\">\n\t\t<a class=\"qodef-shortcode qodef-m  qodef-button qodef-layout--textual   qodef-html--link \" href=\"https:\/\/www.neuroloule.com\/pt-pt\/higiene-do-sono\/\" target=\"_self\"  >\t<span class=\"qodef-m-text\">Ler Mais<\/span>\t<svg  xmlns=\"http:\/\/www.w3.org\/2000\/svg\" xmlns:xlink=\"http:\/\/www.w3.org\/1999\/xlink\" viewBox=\"0 0 38.3 38.3\" class=\"qodef-decoration\"><path d=\"M1.1,19.1c0,9.9,8.1,18,18,18s18-8.1,18-18s-8.1-18-18-18S1.1,9.2,1.1,19.1L1.1,19.1z\"\/><path class=\"round\" d=\"M1.1,19.1c0,9.9,8.1,18,18,18s18-8.1,18-18s-8.1-18-18-18S1.1,9.2,1.1,19.1L1.1,19.1z\"\/><polyline points=\"16.4,24.6 21.9,19.1 16.4,13.7\"\/><\/svg><\/a>\t<\/div>\n\t\t\t\t<\/div>\n\t\t\t\t\t\t\t<\/div>\n\t\t<\/div>\n\t<\/div>\n<\/article>\n\t<\/div>\n\t<\/div>\n\t\t<\/div>\n\t\t\t\t<\/div>\n\t\t\t\t\t<\/div>\n\t\t<\/div>\n\t\t\t\t\t\t\t<\/div>\n\t\t<\/section>\n\t\t\t\t<section class=\"elementor-section elementor-top-section elementor-element elementor-element-8af5f52 qodef-elementor-content-grid elementor-section-boxed elementor-section-height-default elementor-section-height-default\" data-id=\"8af5f52\" data-element_type=\"section\" data-settings=\"{&quot;background_background&quot;:&quot;classic&quot;}\">\n\t\t\t\t\t\t<div class=\"elementor-container elementor-column-gap-no\">\n\t\t\t\t\t<div class=\"elementor-column elementor-col-100 elementor-top-column elementor-element elementor-element-d60a3cb\" data-id=\"d60a3cb\" data-element_type=\"column\">\n\t\t\t<div class=\"elementor-widget-wrap elementor-element-populated\">\n\t\t\t\t\t\t\t\t<div class=\"elementor-element elementor-element-b8f6dfd elementor-widget elementor-widget-allsmiles_core_call_to_action\" data-id=\"b8f6dfd\" data-element_type=\"widget\" data-widget_type=\"allsmiles_core_call_to_action.default\">\n\t\t\t\t<div class=\"elementor-widget-container\">\n\t\t\t<div class=\"qodef-shortcode qodef-m  qodef-call-to-action qodef-layout--standard qodef-style--stretched\">\n\t<div class=\"qodef-m-inner\">\n\t\t\t<div class=\"qodef-m-content\"><h4 style=\"color: #030303;\">Marque a sua <span style=\"color: #941305;\">Consulta<\/span> online<\/h4>\n<h6 class=\"qodef-cta-aditional\" style=\"color: #fff; margin-top: -7px;\">NeuroLoul\u00e9 - Prestando Cuidados de Sa\u00fade de Excel\u00eancia no Algarve desde 2003.<\/h6><\/div>\n\t\t\t<div class=\"qodef-m-button\">\n\t\t<a class=\"qodef-shortcode qodef-m  qodef-button qodef-layout--filled   qodef-html--link qodef-direction-animation\" href=\"\/pt-pt\/contactos\/\" target=\"_self\" data-hover-color=\"#FFFFFF\" data-hover-background-color=\"#941305\" style=\"color: #747D90;background-color: #FFFFFF\">\t<span class=\"qodef-m-text\">Marca\u00e7\u00e2o de Consultas<\/span>\t\t\t<span class=\"qodef-btn-background-holder\">\t        <span class=\"qodef-btn-background\"><\/span>\t    <\/span>\t<\/a>\t<\/div>\n\t<\/div>\n<\/div>\n\t\t<\/div>\n\t\t\t\t<\/div>\n\t\t\t\t\t<\/div>\n\t\t<\/div>\n\t\t\t\t\t\t\t<\/div>\n\t\t<\/section>\n\t\t\t\t\t\t\t<\/div>\n\t\t","protected":false},"excerpt":{"rendered":"<p>Not\u00edcias e Publica\u00e7\u00f5es Not\u00edcias Veja aqui as not\u00edcias e publica\u00e7\u00f5es que partilhamos. 25\/04\/2024 Not\u00edcias Higiene do Sono Tem dificuldades em ter uma boa noite de sono? Os problemas de sono, como ins\u00f3nia, apneia de sono, e mesmo outros mais raros como paras\u00f3nias e narcolepsia, podem ter um impacto bastante negativo em todos os aspectos do [&hellip;]<\/p>\n","protected":false},"author":2,"featured_media":10323,"parent":0,"menu_order":0,"comment_status":"closed","ping_status":"closed","template":"page-full-width.php","meta":[],"yoast_head":"<!-- This site is optimized with the Yoast SEO plugin v17.0 - https:\/\/yoast.com\/wordpress\/plugins\/seo\/ -->\n<title>NeuroLoul\u00e9 - Servi\u00e7os M\u00e9dicos, LDA<\/title>\n<meta name=\"description\" content=\"The NeuroLoul\u00e9 Medical Centre is located in the centre of Loul\u00e9. The centre offers a variety of health care solutions for Algarve residents and holidaymakers alike, providing competent and professional support in all areas of healthcare in a calm and friendly atmosphere.\" \/>\n<meta name=\"robots\" content=\"index, follow, max-snippet:-1, max-image-preview:large, max-video-preview:-1\" \/>\n<link rel=\"canonical\" href=\"https:\/\/www.neuroloule.com\/pt-pt\/noticias\/\" \/>\n<meta property=\"og:locale\" content=\"pt_PT\" \/>\n<meta property=\"og:type\" content=\"article\" \/>\n<meta property=\"og:title\" content=\"NeuroLoul\u00e9 - Servi\u00e7os M\u00e9dicos, LDA\" \/>\n<meta property=\"og:description\" content=\"The NeuroLoul\u00e9 Medical Centre is located in the centre of Loul\u00e9. The centre offers a variety of health care solutions for Algarve residents and holidaymakers alike, providing competent and professional support in all areas of healthcare in a calm and friendly atmosphere.\" \/>\n<meta property=\"og:url\" content=\"https:\/\/www.neuroloule.com\/pt-pt\/noticias\/\" \/>\n<meta property=\"og:site_name\" content=\"NeuroLoul\u00e9\" \/>\n<meta property=\"article:modified_time\" content=\"2026-01-21T17:57:18+00:00\" \/>\n<meta property=\"og:image\" content=\"https:\/\/www.neuroloule.com\/wp-content\/uploads\/2022\/06\/Neuroloule-logo-white_thumbnail_v3.png\" \/>\n\t<meta property=\"og:image:width\" content=\"350\" \/>\n\t<meta property=\"og:image:height\" content=\"300\" \/>\n<meta name=\"twitter:card\" content=\"summary_large_image\" \/>\n<meta name=\"twitter:label1\" content=\"Est. reading time\" \/>\n\t<meta name=\"twitter:data1\" content=\"2 minutos\" \/>\n<script type=\"application\/ld+json\" class=\"yoast-schema-graph\">{\"@context\":\"https:\/\/schema.org\",\"@graph\":[{\"@type\":\"WebSite\",\"@id\":\"https:\/\/www.neuroloule.com\/#website\",\"url\":\"https:\/\/www.neuroloule.com\/\",\"name\":\"NeuroLoul\\u00e9\",\"description\":\"Servi\\u00e7os M\\u00e9dicos, LDA\",\"potentialAction\":[{\"@type\":\"SearchAction\",\"target\":{\"@type\":\"EntryPoint\",\"urlTemplate\":\"https:\/\/www.neuroloule.com\/?s={search_term_string}\"},\"query-input\":\"required name=search_term_string\"}],\"inLanguage\":\"pt-PT\"},{\"@type\":\"ImageObject\",\"@id\":\"https:\/\/www.neuroloule.com\/pt-pt\/noticias\/#primaryimage\",\"inLanguage\":\"pt-PT\",\"url\":\"https:\/\/www.neuroloule.com\/wp-content\/uploads\/2022\/06\/Neuroloule-logo-white_thumbnail_v3.png\",\"contentUrl\":\"https:\/\/www.neuroloule.com\/wp-content\/uploads\/2022\/06\/Neuroloule-logo-white_thumbnail_v3.png\",\"width\":350,\"height\":300},{\"@type\":\"WebPage\",\"@id\":\"https:\/\/www.neuroloule.com\/pt-pt\/noticias\/#webpage\",\"url\":\"https:\/\/www.neuroloule.com\/pt-pt\/noticias\/\",\"name\":\"NeuroLoul\\u00e9 - Servi\\u00e7os M\\u00e9dicos, LDA\",\"isPartOf\":{\"@id\":\"https:\/\/www.neuroloule.com\/#website\"},\"primaryImageOfPage\":{\"@id\":\"https:\/\/www.neuroloule.com\/pt-pt\/noticias\/#primaryimage\"},\"datePublished\":\"2022-07-05T16:01:53+00:00\",\"dateModified\":\"2026-01-21T17:57:18+00:00\",\"description\":\"The NeuroLoul\\u00e9 Medical Centre is located in the centre of Loul\\u00e9. The centre offers a variety of health care solutions for Algarve residents and holidaymakers alike, providing competent and professional support in all areas of healthcare in a calm and friendly atmosphere.\",\"breadcrumb\":{\"@id\":\"https:\/\/www.neuroloule.com\/pt-pt\/noticias\/#breadcrumb\"},\"inLanguage\":\"pt-PT\",\"potentialAction\":[{\"@type\":\"ReadAction\",\"target\":[\"https:\/\/www.neuroloule.com\/pt-pt\/noticias\/\"]}]},{\"@type\":\"BreadcrumbList\",\"@id\":\"https:\/\/www.neuroloule.com\/pt-pt\/noticias\/#breadcrumb\",\"itemListElement\":[{\"@type\":\"ListItem\",\"position\":1,\"name\":\"Home\",\"item\":\"https:\/\/www.neuroloule.com\/pt-pt\/\"},{\"@type\":\"ListItem\",\"position\":2,\"name\":\"Not\\u00edcias\"}]}]}<\/script>\n<!-- \/ Yoast SEO plugin. -->","yoast_head_json":{"title":"NeuroLoul\u00e9 - Servi\u00e7os M\u00e9dicos, LDA","description":"The NeuroLoul\u00e9 Medical Centre is located in the centre of Loul\u00e9. The centre offers a variety of health care solutions for Algarve residents and holidaymakers alike, providing competent and professional support in all areas of healthcare in a calm and friendly atmosphere.","robots":{"index":"index","follow":"follow","max-snippet":"max-snippet:-1","max-image-preview":"max-image-preview:large","max-video-preview":"max-video-preview:-1"},"canonical":"https:\/\/www.neuroloule.com\/pt-pt\/noticias\/","og_locale":"pt_PT","og_type":"article","og_title":"NeuroLoul\u00e9 - Servi\u00e7os M\u00e9dicos, LDA","og_description":"The NeuroLoul\u00e9 Medical Centre is located in the centre of Loul\u00e9. The centre offers a variety of health care solutions for Algarve residents and holidaymakers alike, providing competent and professional support in all areas of healthcare in a calm and friendly atmosphere.","og_url":"https:\/\/www.neuroloule.com\/pt-pt\/noticias\/","og_site_name":"NeuroLoul\u00e9","article_modified_time":"2026-01-21T17:57:18+00:00","og_image":[{"width":350,"height":300,"url":"https:\/\/www.neuroloule.com\/wp-content\/uploads\/2022\/06\/Neuroloule-logo-white_thumbnail_v3.png","path":"\/home1\/neuroloule\/public_html\/wp-content\/uploads\/2022\/06\/Neuroloule-logo-white_thumbnail_v3.png","size":"full","id":10323,"alt":"","pixels":105000,"type":"image\/png"}],"twitter_card":"summary_large_image","twitter_misc":{"Est. reading time":"2 minutos"},"schema":{"@context":"https:\/\/schema.org","@graph":[{"@type":"WebSite","@id":"https:\/\/www.neuroloule.com\/#website","url":"https:\/\/www.neuroloule.com\/","name":"NeuroLoul\u00e9","description":"Servi\u00e7os M\u00e9dicos, LDA","potentialAction":[{"@type":"SearchAction","target":{"@type":"EntryPoint","urlTemplate":"https:\/\/www.neuroloule.com\/?s={search_term_string}"},"query-input":"required name=search_term_string"}],"inLanguage":"pt-PT"},{"@type":"ImageObject","@id":"https:\/\/www.neuroloule.com\/pt-pt\/noticias\/#primaryimage","inLanguage":"pt-PT","url":"https:\/\/www.neuroloule.com\/wp-content\/uploads\/2022\/06\/Neuroloule-logo-white_thumbnail_v3.png","contentUrl":"https:\/\/www.neuroloule.com\/wp-content\/uploads\/2022\/06\/Neuroloule-logo-white_thumbnail_v3.png","width":350,"height":300},{"@type":"WebPage","@id":"https:\/\/www.neuroloule.com\/pt-pt\/noticias\/#webpage","url":"https:\/\/www.neuroloule.com\/pt-pt\/noticias\/","name":"NeuroLoul\u00e9 - Servi\u00e7os M\u00e9dicos, LDA","isPartOf":{"@id":"https:\/\/www.neuroloule.com\/#website"},"primaryImageOfPage":{"@id":"https:\/\/www.neuroloule.com\/pt-pt\/noticias\/#primaryimage"},"datePublished":"2022-07-05T16:01:53+00:00","dateModified":"2026-01-21T17:57:18+00:00","description":"The NeuroLoul\u00e9 Medical Centre is located in the centre of Loul\u00e9. The centre offers a variety of health care solutions for Algarve residents and holidaymakers alike, providing competent and professional support in all areas of healthcare in a calm and friendly atmosphere.","breadcrumb":{"@id":"https:\/\/www.neuroloule.com\/pt-pt\/noticias\/#breadcrumb"},"inLanguage":"pt-PT","potentialAction":[{"@type":"ReadAction","target":["https:\/\/www.neuroloule.com\/pt-pt\/noticias\/"]}]},{"@type":"BreadcrumbList","@id":"https:\/\/www.neuroloule.com\/pt-pt\/noticias\/#breadcrumb","itemListElement":[{"@type":"ListItem","position":1,"name":"Home","item":"https:\/\/www.neuroloule.com\/pt-pt\/"},{"@type":"ListItem","position":2,"name":"Not\u00edcias"}]}]}},"_links":{"self":[{"href":"https:\/\/www.neuroloule.com\/pt-pt\/wp-json\/wp\/v2\/pages\/15024"}],"collection":[{"href":"https:\/\/www.neuroloule.com\/pt-pt\/wp-json\/wp\/v2\/pages"}],"about":[{"href":"https:\/\/www.neuroloule.com\/pt-pt\/wp-json\/wp\/v2\/types\/page"}],"author":[{"embeddable":true,"href":"https:\/\/www.neuroloule.com\/pt-pt\/wp-json\/wp\/v2\/users\/2"}],"replies":[{"embeddable":true,"href":"https:\/\/www.neuroloule.com\/pt-pt\/wp-json\/wp\/v2\/comments?post=15024"}],"version-history":[{"count":17,"href":"https:\/\/www.neuroloule.com\/pt-pt\/wp-json\/wp\/v2\/pages\/15024\/revisions"}],"predecessor-version":[{"id":19444,"href":"https:\/\/www.neuroloule.com\/pt-pt\/wp-json\/wp\/v2\/pages\/15024\/revisions\/19444"}],"wp:featuredmedia":[{"embeddable":true,"href":"https:\/\/www.neuroloule.com\/pt-pt\/wp-json\/wp\/v2\/media\/10323"}],"wp:attachment":[{"href":"https:\/\/www.neuroloule.com\/pt-pt\/wp-json\/wp\/v2\/media?parent=15024"}],"curies":[{"name":"wp","href":"https:\/\/api.w.org\/{rel}","templated":true}]}}