{"id":15038,"date":"2022-11-16T02:08:59","date_gmt":"2022-11-16T02:08:59","guid":{"rendered":"https:\/\/www.neuroloule.com\/living-wills\/"},"modified":"2023-08-03T21:13:35","modified_gmt":"2023-08-03T21:13:35","slug":"testamento-vital","status":"publish","type":"page","link":"https:\/\/www.neuroloule.com\/pt-pt\/testamento-vital\/","title":{"rendered":"Testamento Vital"},"content":{"rendered":"\t\t<div data-elementor-type=\"wp-page\" data-elementor-id=\"15038\" class=\"elementor elementor-15038 elementor-13901\">\n\t\t\t\t\t\t\t\t\t<section class=\"elementor-section elementor-top-section elementor-element elementor-element-c9e336d qodef-elementor-content-grid sub-page-header elementor-section-boxed elementor-section-height-default elementor-section-height-default\" data-id=\"c9e336d\" data-element_type=\"section\" data-settings=\"{&quot;background_background&quot;:&quot;classic&quot;}\">\n\t\t\t\t\t\t\t<div class=\"elementor-background-overlay\"><\/div>\n\t\t\t\t\t\t\t<div class=\"elementor-container elementor-column-gap-no\">\n\t\t\t\t\t<div class=\"elementor-column elementor-col-100 elementor-top-column elementor-element elementor-element-56a825e\" data-id=\"56a825e\" data-element_type=\"column\">\n\t\t\t<div class=\"elementor-widget-wrap elementor-element-populated\">\n\t\t\t\t\t\t\t\t<div class=\"elementor-element elementor-element-16a3db6 elementor-widget__width-auto elementor-widget-tablet__width-auto elementor-widget-mobile__width-auto custom_service_icon_small white elementor-widget elementor-widget-image\" data-id=\"16a3db6\" data-element_type=\"widget\" data-widget_type=\"image.default\">\n\t\t\t\t<div class=\"elementor-widget-container\">\n\t\t\t<style>\/*! elementor - v3.6.5 - 27-04-2022 *\/\n.elementor-widget-image{text-align:center}.elementor-widget-image a{display:inline-block}.elementor-widget-image a img[src$=\".svg\"]{width:48px}.elementor-widget-image img{vertical-align:middle;display:inline-block}<\/style>\t\t\t\t\t\t\t\t\t\t\t\t<img width=\"500\" height=\"500\" src=\"https:\/\/www.neuroloule.com\/wp-content\/uploads\/2022\/11\/icon_Living-Wills.png\" class=\"attachment-full size-full\" alt=\"\" loading=\"lazy\" srcset=\"https:\/\/www.neuroloule.com\/wp-content\/uploads\/2022\/11\/icon_Living-Wills.png 500w, https:\/\/www.neuroloule.com\/wp-content\/uploads\/2022\/11\/icon_Living-Wills-300x300.png 300w, https:\/\/www.neuroloule.com\/wp-content\/uploads\/2022\/11\/icon_Living-Wills-150x150.png 150w\" sizes=\"(max-width: 500px) 100vw, 500px\" \/>\t\t\t\t\t\t\t\t\t\t\t\t\t\t\t<\/div>\n\t\t\t\t<\/div>\n\t\t\t\t<div class=\"elementor-element elementor-element-d195120 custom_article_title elementor-widget__width-auto elementor-widget-tablet__width-auto elementor-widget-mobile__width-auto elementor-widget elementor-widget-allsmiles_core_section_title\" data-id=\"d195120\" data-element_type=\"widget\" data-widget_type=\"allsmiles_core_section_title.default\">\n\t\t\t\t<div class=\"elementor-widget-container\">\n\t\t\t<div class=\"qodef-shortcode qodef-m  qodef-section-title qodef-alignment--left \">\n\t\t<h5 class=\"qodef-m-subtitle\" style=\"margin-bottom: 7px;color: #F7F7F9\">\n\t\tDignidade pessoal e paz de esp\u00edrito.\t<\/h5>\n\t\t<h1 class=\"qodef-m-title\" style=\"color: #F7F7F9\">\n\t\t\t\t\tAssist\u00eancia no Testamento Vital\t\t\t<\/h1>\n\t<\/div>\n\t\t<\/div>\n\t\t\t\t<\/div>\n\t\t\t\t\t<\/div>\n\t\t<\/div>\n\t\t\t\t\t\t\t<\/div>\n\t\t<\/section>\n\t\t\t\t<section class=\"elementor-section elementor-top-section elementor-element elementor-element-0871cf5 qodef-elementor-content-grid elementor-section-content-middle custom_background_animation elementor-section-boxed elementor-section-height-default elementor-section-height-default\" data-id=\"0871cf5\" data-element_type=\"section\">\n\t\t\t\t\t\t\t<div class=\"elementor-background-overlay\"><\/div>\n\t\t\t\t\t\t\t<div class=\"elementor-container elementor-column-gap-no\">\n\t\t\t\t\t<div class=\"elementor-column elementor-col-50 elementor-top-column elementor-element elementor-element-5613604\" data-id=\"5613604\" data-element_type=\"column\">\n\t\t\t<div class=\"elementor-widget-wrap elementor-element-populated\">\n\t\t\t\t\t\t\t\t<div class=\"elementor-element elementor-element-0b074d6 elementor-widget elementor-widget-allsmiles_core_section_title\" data-id=\"0b074d6\" data-element_type=\"widget\" data-widget_type=\"allsmiles_core_section_title.default\">\n\t\t\t\t<div class=\"elementor-widget-container\">\n\t\t\t<div class=\"qodef-shortcode qodef-m  qodef-section-title qodef-alignment--left \">\n\t\t\t<h5 class=\"qodef-m-title\" style=\"color: #030303\">\n\t\t\t\t\tO Centro M\u00e9dico Neuroloul\u00e9 compreende a incerteza e o peso emocional que acompanham os pensamentos acerca de um testamento vital. \t\t\t<\/h5>\n\t<\/div>\n\t\t<\/div>\n\t\t\t\t<\/div>\n\t\t\t\t<div class=\"elementor-element elementor-element-fd30dda custom_bullets elementor-widget elementor-widget-text-editor\" data-id=\"fd30dda\" data-element_type=\"widget\" data-widget_type=\"text-editor.default\">\n\t\t\t\t<div class=\"elementor-widget-container\">\n\t\t\t<style>\/*! elementor - v3.6.5 - 27-04-2022 *\/\n.elementor-widget-text-editor.elementor-drop-cap-view-stacked .elementor-drop-cap{background-color:#818a91;color:#fff}.elementor-widget-text-editor.elementor-drop-cap-view-framed .elementor-drop-cap{color:#818a91;border:3px solid;background-color:transparent}.elementor-widget-text-editor:not(.elementor-drop-cap-view-default) .elementor-drop-cap{margin-top:8px}.elementor-widget-text-editor:not(.elementor-drop-cap-view-default) .elementor-drop-cap-letter{width:1em;height:1em}.elementor-widget-text-editor .elementor-drop-cap{float:left;text-align:center;line-height:1;font-size:50px}.elementor-widget-text-editor .elementor-drop-cap-letter{display:inline-block}<\/style>\t\t\t\t<p>N\u00f3s informamos, ajudamos e aconselhamos tanto portugueses como estrangeiros, de modo a ajudar a tomar decis\u00f5es sobre o tipo de cuidados de sa\u00fade e seus limites, que deseja para a fase final da vida.<\/p><p>O testamento vital \u00e9 um documento electr\u00f3nico, que \u00e9 gravado num espa\u00e7o reservado do Sistema Nacional de Sa\u00fade, e que informa m\u00e9dicos e cuidadores hospitalares sobre os cuidados e tratamentos que deseja receber (ou n\u00e3o receber) em caso de doen\u00e7a severa ou de situa\u00e7\u00f5es inesperadas e potencialmente amea\u00e7adoras para a vida.<\/p><p>N\u00e3o apenas para pessoas idosas, o testamento vital pode trazer paz de esp\u00edrito neste campo em qualquer idade, garantindo que os desejos da pessoa estar\u00e3o garantidos no caso de uma situa\u00e7\u00e3o em que esta n\u00e3o possa tomar decis\u00f5es ou express\u00e1-las adequadamente. Deste modo a elabora\u00e7\u00e3o do testamento vital pode ajudar a prevenir sofrimento desnecess\u00e1rio para a pessoa e aliviar a dor e sofrimento dos entes queridos ao tomar decis\u00f5es dif\u00edceis numa situa\u00e7\u00e3o cr\u00edtica de tristeza ou luto. <\/p>\t\t\t\t\t\t<\/div>\n\t\t\t\t<\/div>\n\t\t\t\t<div class=\"elementor-element elementor-element-7d2adc0 elementor-widget elementor-widget-qi_addons_for_elementor_separator\" data-id=\"7d2adc0\" data-element_type=\"widget\" data-widget_type=\"qi_addons_for_elementor_separator.default\">\n\t\t\t\t<div class=\"elementor-widget-container\">\n\t\t\t<div class=\"qodef-shortcode qodef-m  qodef-qi-separator qodef-qi-clear qodef-separator--with-icon \">\n\t<div class=\"qodef-m-line\">\n\t\t<div class=\"qodef-m-inner-line\"><\/div>\n\t\t\t<span class=\"qodef-m-separator-icon\">\n\t\t<i aria-hidden=\"true\" class=\"fas fa-circle\"><\/i>\t<\/span>\n\t\t\t<div class=\"qodef-m-inner-line\"><\/div>\n\t<\/div>\n<\/div>\n\t\t<\/div>\n\t\t\t\t<\/div>\n\t\t\t\t<div class=\"elementor-element elementor-element-7b8e009 elementor-widget elementor-widget-allsmiles_core_section_title\" data-id=\"7b8e009\" data-element_type=\"widget\" data-widget_type=\"allsmiles_core_section_title.default\">\n\t\t\t\t<div class=\"elementor-widget-container\">\n\t\t\t<div class=\"qodef-shortcode qodef-m  qodef-section-title qodef-alignment--left \">\n\t\t\t<h5 class=\"qodef-m-title\" style=\"color: #030303\">\n\t\t\t\t\tNo Centro M\u00e9dico Neuroloul\u00e9 podemos aconselhar tanto portugueses como estrangeiros residentes a criarem e registar o testamento vital. \t\t\t<\/h5>\n\t<\/div>\n\t\t<\/div>\n\t\t\t\t<\/div>\n\t\t\t\t<div class=\"elementor-element elementor-element-1a38153 custom_bullets elementor-widget elementor-widget-text-editor\" data-id=\"1a38153\" data-element_type=\"widget\" data-widget_type=\"text-editor.default\">\n\t\t\t\t<div class=\"elementor-widget-container\">\n\t\t\t\t\t\t\t<p>Podemos ajudar a clarificar as consequ\u00eancias de v\u00e1rias decis\u00f5es que a pessoa poder\u00e1 tomar e explicar as implica\u00e7\u00f5es e consequ\u00eancias, tanto para o pr\u00f3prio como para os familiares, assegurando que a pessoa estar\u00e1 completamente informada e confiante nas suas decis\u00f5es.<\/p><p>Marque uma consulta se quiser discutir o assunto com um membro da nossa equipa. <\/p>\t\t\t\t\t\t<\/div>\n\t\t\t\t<\/div>\n\t\t\t\t<div class=\"elementor-element elementor-element-c174895 elementor-widget__width-auto elementor-widget elementor-widget-allsmiles_core_button\" data-id=\"c174895\" data-element_type=\"widget\" data-widget_type=\"allsmiles_core_button.default\">\n\t\t\t\t<div class=\"elementor-widget-container\">\n\t\t\t<a class=\"qodef-shortcode qodef-m  qodef-button qodef-layout--filled   qodef-html--link qodef-direction-animation\" href=\"\/pt-pt\/contactos\/\" target=\"_self\" data-hover-background-color=\"#941305\" style=\"background-color: #747D90\">\n\t<span class=\"qodef-m-text\">Contacte-nos<\/span>\n\t\t\t<span class=\"qodef-btn-background-holder\">\n\t        <span class=\"qodef-btn-background\"><\/span>\n\t    <\/span>\n\t<\/a>\n\t\t<\/div>\n\t\t\t\t<\/div>\n\t\t\t\t\t<\/div>\n\t\t<\/div>\n\t\t\t\t<div class=\"elementor-column elementor-col-50 elementor-top-column elementor-element elementor-element-89ff727 elementor-hidden-tablet elementor-hidden-mobile elementor-hidden-desktop\" data-id=\"89ff727\" data-element_type=\"column\">\n\t\t\t<div class=\"elementor-widget-wrap\">\n\t\t\t\t\t\t\t\t\t<\/div>\n\t\t<\/div>\n\t\t\t\t\t\t\t<\/div>\n\t\t<\/section>\n\t\t\t\t<section class=\"elementor-section elementor-top-section elementor-element elementor-element-746913e qodef-elementor-content-grid elementor-section-boxed elementor-section-height-default elementor-section-height-default\" data-id=\"746913e\" data-element_type=\"section\" data-settings=\"{&quot;background_background&quot;:&quot;classic&quot;}\">\n\t\t\t\t\t\t<div class=\"elementor-container elementor-column-gap-no\">\n\t\t\t\t\t<div class=\"elementor-column elementor-col-100 elementor-top-column elementor-element elementor-element-becf242\" data-id=\"becf242\" data-element_type=\"column\">\n\t\t\t<div class=\"elementor-widget-wrap elementor-element-populated\">\n\t\t\t\t\t\t\t\t<div class=\"elementor-element elementor-element-502e2f6 elementor-widget elementor-widget-allsmiles_core_call_to_action\" data-id=\"502e2f6\" data-element_type=\"widget\" data-widget_type=\"allsmiles_core_call_to_action.default\">\n\t\t\t\t<div class=\"elementor-widget-container\">\n\t\t\t<div class=\"qodef-shortcode qodef-m  qodef-call-to-action qodef-layout--standard qodef-style--stretched\">\n\t<div class=\"qodef-m-inner\">\n\t\t\t<div class=\"qodef-m-content\"><h4 style=\"color: #030303;\">Marque a sua <span style=\"color: #941305;\">Consulta<\/span> online<\/h4>\n<h6 class=\"qodef-cta-aditional\" style=\"color: #fff; margin-top: -7px;\">NeuroLoul\u00e9 - Prestando Cuidados de Sa\u00fade de Excel\u00eancia no Algarve desde 2003.<\/h6><\/div>\n\t\t\t<div class=\"qodef-m-button\">\n\t\t<a class=\"qodef-shortcode qodef-m  qodef-button qodef-layout--filled   qodef-html--link qodef-direction-animation\" href=\"\/pt-pt\/contactos\/\" target=\"_self\" data-hover-color=\"#FFFFFF\" data-hover-background-color=\"#941305\" style=\"color: #747D90;background-color: #FFFFFF\">\t<span class=\"qodef-m-text\">Marca\u00e7\u00e2o de Consultas<\/span>\t\t\t<span class=\"qodef-btn-background-holder\">\t        <span class=\"qodef-btn-background\"><\/span>\t    <\/span>\t<\/a>\t<\/div>\n\t<\/div>\n<\/div>\n\t\t<\/div>\n\t\t\t\t<\/div>\n\t\t\t\t\t<\/div>\n\t\t<\/div>\n\t\t\t\t\t\t\t<\/div>\n\t\t<\/section>\n\t\t\t\t\t\t\t<\/div>\n\t\t","protected":false},"excerpt":{"rendered":"<p>Dignidade pessoal e paz de esp\u00edrito. Assist\u00eancia no Testamento Vital O Centro M\u00e9dico Neuroloul\u00e9 compreende a incerteza e o peso emocional que acompanham os pensamentos acerca de um testamento vital. N\u00f3s informamos, ajudamos e aconselhamos tanto portugueses como estrangeiros, de modo a ajudar a tomar decis\u00f5es sobre o tipo de cuidados de sa\u00fade e seus [&hellip;]<\/p>\n","protected":false},"author":2,"featured_media":10323,"parent":0,"menu_order":0,"comment_status":"closed","ping_status":"closed","template":"page-full-width.php","meta":[],"yoast_head":"<!-- This site is optimized with the Yoast SEO plugin v17.0 - https:\/\/yoast.com\/wordpress\/plugins\/seo\/ -->\n<title>NeuroLoul\u00e9 - Servi\u00e7os M\u00e9dicos, LDA<\/title>\n<meta name=\"description\" content=\"The NeuroLoul\u00e9 Medical Centre is located in the centre of Loul\u00e9. The centre offers a variety of health care solutions for Algarve residents and holidaymakers alike, providing competent and professional support in all areas of healthcare in a calm and friendly atmosphere.\" \/>\n<meta name=\"robots\" content=\"index, follow, max-snippet:-1, max-image-preview:large, max-video-preview:-1\" \/>\n<link rel=\"canonical\" href=\"https:\/\/www.neuroloule.com\/pt-pt\/testamento-vital\/\" \/>\n<meta property=\"og:locale\" content=\"pt_PT\" \/>\n<meta property=\"og:type\" content=\"article\" \/>\n<meta property=\"og:title\" content=\"NeuroLoul\u00e9 - Servi\u00e7os M\u00e9dicos, LDA\" \/>\n<meta property=\"og:description\" content=\"The NeuroLoul\u00e9 Medical Centre is located in the centre of Loul\u00e9. The centre offers a variety of health care solutions for Algarve residents and holidaymakers alike, providing competent and professional support in all areas of healthcare in a calm and friendly atmosphere.\" \/>\n<meta property=\"og:url\" content=\"https:\/\/www.neuroloule.com\/pt-pt\/testamento-vital\/\" \/>\n<meta property=\"og:site_name\" content=\"NeuroLoul\u00e9\" \/>\n<meta property=\"article:modified_time\" content=\"2023-08-03T21:13:35+00:00\" \/>\n<meta property=\"og:image\" content=\"https:\/\/www.neuroloule.com\/wp-content\/uploads\/2022\/06\/Neuroloule-logo-white_thumbnail_v3.png\" \/>\n\t<meta property=\"og:image:width\" content=\"350\" \/>\n\t<meta property=\"og:image:height\" content=\"300\" \/>\n<meta name=\"twitter:card\" content=\"summary_large_image\" \/>\n<meta name=\"twitter:label1\" content=\"Est. reading time\" \/>\n\t<meta name=\"twitter:data1\" content=\"2 minutos\" \/>\n<script type=\"application\/ld+json\" class=\"yoast-schema-graph\">{\"@context\":\"https:\/\/schema.org\",\"@graph\":[{\"@type\":\"WebSite\",\"@id\":\"https:\/\/www.neuroloule.com\/#website\",\"url\":\"https:\/\/www.neuroloule.com\/\",\"name\":\"NeuroLoul\\u00e9\",\"description\":\"Servi\\u00e7os M\\u00e9dicos, LDA\",\"potentialAction\":[{\"@type\":\"SearchAction\",\"target\":{\"@type\":\"EntryPoint\",\"urlTemplate\":\"https:\/\/www.neuroloule.com\/?s={search_term_string}\"},\"query-input\":\"required name=search_term_string\"}],\"inLanguage\":\"pt-PT\"},{\"@type\":\"ImageObject\",\"@id\":\"https:\/\/www.neuroloule.com\/pt-pt\/testamento-vital\/#primaryimage\",\"inLanguage\":\"pt-PT\",\"url\":\"https:\/\/www.neuroloule.com\/wp-content\/uploads\/2022\/06\/Neuroloule-logo-white_thumbnail_v3.png\",\"contentUrl\":\"https:\/\/www.neuroloule.com\/wp-content\/uploads\/2022\/06\/Neuroloule-logo-white_thumbnail_v3.png\",\"width\":350,\"height\":300},{\"@type\":\"WebPage\",\"@id\":\"https:\/\/www.neuroloule.com\/pt-pt\/testamento-vital\/#webpage\",\"url\":\"https:\/\/www.neuroloule.com\/pt-pt\/testamento-vital\/\",\"name\":\"NeuroLoul\\u00e9 - Servi\\u00e7os M\\u00e9dicos, LDA\",\"isPartOf\":{\"@id\":\"https:\/\/www.neuroloule.com\/#website\"},\"primaryImageOfPage\":{\"@id\":\"https:\/\/www.neuroloule.com\/pt-pt\/testamento-vital\/#primaryimage\"},\"datePublished\":\"2022-11-16T02:08:59+00:00\",\"dateModified\":\"2023-08-03T21:13:35+00:00\",\"description\":\"The NeuroLoul\\u00e9 Medical Centre is located in the centre of Loul\\u00e9. The centre offers a variety of health care solutions for Algarve residents and holidaymakers alike, providing competent and professional support in all areas of healthcare in a calm and friendly atmosphere.\",\"breadcrumb\":{\"@id\":\"https:\/\/www.neuroloule.com\/pt-pt\/testamento-vital\/#breadcrumb\"},\"inLanguage\":\"pt-PT\",\"potentialAction\":[{\"@type\":\"ReadAction\",\"target\":[\"https:\/\/www.neuroloule.com\/pt-pt\/testamento-vital\/\"]}]},{\"@type\":\"BreadcrumbList\",\"@id\":\"https:\/\/www.neuroloule.com\/pt-pt\/testamento-vital\/#breadcrumb\",\"itemListElement\":[{\"@type\":\"ListItem\",\"position\":1,\"name\":\"Home\",\"item\":\"https:\/\/www.neuroloule.com\/pt-pt\/\"},{\"@type\":\"ListItem\",\"position\":2,\"name\":\"Testamento Vital\"}]}]}<\/script>\n<!-- \/ Yoast SEO plugin. -->","yoast_head_json":{"title":"NeuroLoul\u00e9 - Servi\u00e7os M\u00e9dicos, LDA","description":"The NeuroLoul\u00e9 Medical Centre is located in the centre of Loul\u00e9. The centre offers a variety of health care solutions for Algarve residents and holidaymakers alike, providing competent and professional support in all areas of healthcare in a calm and friendly atmosphere.","robots":{"index":"index","follow":"follow","max-snippet":"max-snippet:-1","max-image-preview":"max-image-preview:large","max-video-preview":"max-video-preview:-1"},"canonical":"https:\/\/www.neuroloule.com\/pt-pt\/testamento-vital\/","og_locale":"pt_PT","og_type":"article","og_title":"NeuroLoul\u00e9 - Servi\u00e7os M\u00e9dicos, LDA","og_description":"The NeuroLoul\u00e9 Medical Centre is located in the centre of Loul\u00e9. The centre offers a variety of health care solutions for Algarve residents and holidaymakers alike, providing competent and professional support in all areas of healthcare in a calm and friendly atmosphere.","og_url":"https:\/\/www.neuroloule.com\/pt-pt\/testamento-vital\/","og_site_name":"NeuroLoul\u00e9","article_modified_time":"2023-08-03T21:13:35+00:00","og_image":[{"width":350,"height":300,"url":"https:\/\/www.neuroloule.com\/wp-content\/uploads\/2022\/06\/Neuroloule-logo-white_thumbnail_v3.png","path":"\/home1\/neuroloule\/staging\/wp-content\/uploads\/2022\/06\/Neuroloule-logo-white_thumbnail_v3.png","size":"full","id":10323,"alt":"","pixels":105000,"type":"image\/png"}],"twitter_card":"summary_large_image","twitter_misc":{"Est. reading time":"2 minutos"},"schema":{"@context":"https:\/\/schema.org","@graph":[{"@type":"WebSite","@id":"https:\/\/www.neuroloule.com\/#website","url":"https:\/\/www.neuroloule.com\/","name":"NeuroLoul\u00e9","description":"Servi\u00e7os M\u00e9dicos, LDA","potentialAction":[{"@type":"SearchAction","target":{"@type":"EntryPoint","urlTemplate":"https:\/\/www.neuroloule.com\/?s={search_term_string}"},"query-input":"required name=search_term_string"}],"inLanguage":"pt-PT"},{"@type":"ImageObject","@id":"https:\/\/www.neuroloule.com\/pt-pt\/testamento-vital\/#primaryimage","inLanguage":"pt-PT","url":"https:\/\/www.neuroloule.com\/wp-content\/uploads\/2022\/06\/Neuroloule-logo-white_thumbnail_v3.png","contentUrl":"https:\/\/www.neuroloule.com\/wp-content\/uploads\/2022\/06\/Neuroloule-logo-white_thumbnail_v3.png","width":350,"height":300},{"@type":"WebPage","@id":"https:\/\/www.neuroloule.com\/pt-pt\/testamento-vital\/#webpage","url":"https:\/\/www.neuroloule.com\/pt-pt\/testamento-vital\/","name":"NeuroLoul\u00e9 - Servi\u00e7os M\u00e9dicos, LDA","isPartOf":{"@id":"https:\/\/www.neuroloule.com\/#website"},"primaryImageOfPage":{"@id":"https:\/\/www.neuroloule.com\/pt-pt\/testamento-vital\/#primaryimage"},"datePublished":"2022-11-16T02:08:59+00:00","dateModified":"2023-08-03T21:13:35+00:00","description":"The NeuroLoul\u00e9 Medical Centre is located in the centre of Loul\u00e9. The centre offers a variety of health care solutions for Algarve residents and holidaymakers alike, providing competent and professional support in all areas of healthcare in a calm and friendly atmosphere.","breadcrumb":{"@id":"https:\/\/www.neuroloule.com\/pt-pt\/testamento-vital\/#breadcrumb"},"inLanguage":"pt-PT","potentialAction":[{"@type":"ReadAction","target":["https:\/\/www.neuroloule.com\/pt-pt\/testamento-vital\/"]}]},{"@type":"BreadcrumbList","@id":"https:\/\/www.neuroloule.com\/pt-pt\/testamento-vital\/#breadcrumb","itemListElement":[{"@type":"ListItem","position":1,"name":"Home","item":"https:\/\/www.neuroloule.com\/pt-pt\/"},{"@type":"ListItem","position":2,"name":"Testamento Vital"}]}]}},"_links":{"self":[{"href":"https:\/\/www.neuroloule.com\/pt-pt\/wp-json\/wp\/v2\/pages\/15038"}],"collection":[{"href":"https:\/\/www.neuroloule.com\/pt-pt\/wp-json\/wp\/v2\/pages"}],"about":[{"href":"https:\/\/www.neuroloule.com\/pt-pt\/wp-json\/wp\/v2\/types\/page"}],"author":[{"embeddable":true,"href":"https:\/\/www.neuroloule.com\/pt-pt\/wp-json\/wp\/v2\/users\/2"}],"replies":[{"embeddable":true,"href":"https:\/\/www.neuroloule.com\/pt-pt\/wp-json\/wp\/v2\/comments?post=15038"}],"version-history":[{"count":8,"href":"https:\/\/www.neuroloule.com\/pt-pt\/wp-json\/wp\/v2\/pages\/15038\/revisions"}],"predecessor-version":[{"id":18853,"href":"https:\/\/www.neuroloule.com\/pt-pt\/wp-json\/wp\/v2\/pages\/15038\/revisions\/18853"}],"wp:featuredmedia":[{"embeddable":true,"href":"https:\/\/www.neuroloule.com\/pt-pt\/wp-json\/wp\/v2\/media\/10323"}],"wp:attachment":[{"href":"https:\/\/www.neuroloule.com\/pt-pt\/wp-json\/wp\/v2\/media?parent=15038"}],"curies":[{"name":"wp","href":"https:\/\/api.w.org\/{rel}","templated":true}]}}