{"id":15071,"date":"2022-07-04T20:37:00","date_gmt":"2022-07-04T20:37:00","guid":{"rendered":"https:\/\/www.neuroloule.com\/team\/dr-gil-dos-santos-g-joao\/"},"modified":"2023-08-18T15:27:26","modified_gmt":"2023-08-18T15:27:26","slug":"dr-gil-dos-santos-g-joao","status":"publish","type":"page","link":"https:\/\/www.neuroloule.com\/pt-pt\/equipa\/dr-gil-dos-santos-g-joao\/","title":{"rendered":"Dr. Gil dos Santos G. Jo\u00e3o"},"content":{"rendered":"\t\t<div data-elementor-type=\"wp-page\" data-elementor-id=\"15071\" class=\"elementor elementor-15071 elementor-11339\">\n\t\t\t\t\t\t\t\t\t<section class=\"elementor-section elementor-top-section elementor-element elementor-element-7ae7797 elementor-section-full_width qodef-elementor-content-grid qodef-extended-grid qodef-extended-grid--right elementor-section-content-middle qodef-disable-extended-1024--yes elementor-reverse-tablet elementor-reverse-mobile custom_background_overlay elementor-section-height-default elementor-section-height-default\" data-id=\"7ae7797\" data-element_type=\"section\">\n\t\t\t\t\t\t\t<div class=\"elementor-background-overlay\"><\/div>\n\t\t\t\t\t\t\t<div class=\"elementor-container elementor-column-gap-default\">\n\t\t\t\t\t<div class=\"elementor-column elementor-col-50 elementor-top-column elementor-element elementor-element-3aa884b\" data-id=\"3aa884b\" data-element_type=\"column\">\n\t\t\t<div class=\"elementor-widget-wrap elementor-element-populated\">\n\t\t\t\t\t\t\t\t<div class=\"elementor-element elementor-element-857f844 elementor-widget-mobile__width-inherit elementor-widget elementor-widget-allsmiles_core_section_title\" data-id=\"857f844\" data-element_type=\"widget\" data-widget_type=\"allsmiles_core_section_title.default\">\n\t\t\t\t<div class=\"elementor-widget-container\">\n\t\t\t<div class=\"qodef-shortcode qodef-m  qodef-section-title qodef-alignment--left \">\n\t\t<h5 class=\"qodef-m-subtitle\" style=\"margin-bottom: 7px\">\n\t\tNeurologista, Psiquiatra, Professor na Universidade do Algarve\t<\/h5>\n\t\t<h1 class=\"qodef-m-title\" >\n\t\t\t\t\tDr. Gil dos Santos G. Jo\u00e3o\t\t\t<\/h1>\n\t<\/div>\n\t\t<\/div>\n\t\t\t\t<\/div>\n\t\t\t\t<div class=\"elementor-element elementor-element-db8d81b elementor-widget__width-initial elementor-widget-mobile__width-inherit closed_accordion elementor-widget-tablet__width-initial elementor-widget elementor-widget-allsmiles_core_accordion\" data-id=\"db8d81b\" data-element_type=\"widget\" data-widget_type=\"allsmiles_core_accordion.default\">\n\t\t\t\t<div class=\"elementor-widget-container\">\n\t\t\t<div class=\"qodef-shortcode qodef-m custom_accordion custom_bullets qodef-accordion clear qodef-behavior--accordion qodef-layout--simple\">\n\t<h5 class=\"qodef-accordion-title\">\n\t<span class=\"qodef-tab-title\">PLACEHOLDER<\/span>\n\t<span class=\"qodef-accordion-mark\">\n\t\t<span class=\"qodef-icon--plus\"><svg  xmlns=\"http:\/\/www.w3.org\/2000\/svg\" xmlns:xlink=\"http:\/\/www.w3.org\/1999\/xlink\" viewBox=\"0 0 9 5.23\"><polygon points=\"0.73 0 4.5 3.77 8.27 0 9 0.73 4.5 5.23 0 0.73 0.73 0\"\/><\/svg><\/span>\n\t\t<span class=\"qodef-icon--minus\"><svg  xmlns=\"http:\/\/www.w3.org\/2000\/svg\" xmlns:xlink=\"http:\/\/www.w3.org\/1999\/xlink\" viewBox=\"0 0 9 5.23\"><polygon points=\"0.73 0 4.5 3.77 8.27 0 9 0.73 4.5 5.23 0 0.73 0.73 0\"\/><\/svg><\/span>\n\t<\/span>\n<\/h5>\n<div class=\"qodef-accordion-content\">\n\t<div class=\"qodef-accordion-content-inner\">\n\t\t\t<\/div>\n<\/div>\n<h5 class=\"qodef-accordion-title\">\n\t<span class=\"qodef-tab-title\">Notas Biogr\u00e1ficas<\/span>\n\t<span class=\"qodef-accordion-mark\">\n\t\t<span class=\"qodef-icon--plus\"><svg  xmlns=\"http:\/\/www.w3.org\/2000\/svg\" xmlns:xlink=\"http:\/\/www.w3.org\/1999\/xlink\" viewBox=\"0 0 9 5.23\"><polygon points=\"0.73 0 4.5 3.77 8.27 0 9 0.73 4.5 5.23 0 0.73 0.73 0\"\/><\/svg><\/span>\n\t\t<span class=\"qodef-icon--minus\"><svg  xmlns=\"http:\/\/www.w3.org\/2000\/svg\" xmlns:xlink=\"http:\/\/www.w3.org\/1999\/xlink\" viewBox=\"0 0 9 5.23\"><polygon points=\"0.73 0 4.5 3.77 8.27 0 9 0.73 4.5 5.23 0 0.73 0.73 0\"\/><\/svg><\/span>\n\t<\/span>\n<\/h5>\n<div class=\"qodef-accordion-content\">\n\t<div class=\"qodef-accordion-content-inner\">\n\t\t<ul><li>Natural de Salir, concelho de Loul\u00e9.<\/li><li>1982: terminou o 12\u00ba ano na Escola Secund\u00e1ria de Loul\u00e9.<\/li><li>1982-1983: aprendizagem da l\u00edngua alem\u00e3 no Instituto Herder, Leipzig.<\/li><li>1983-1989: curso de Medicina na Universidade de Leipzig.<\/li><li>1989-1998: forma\u00e7\u00e3o em Neurologia, Psiquiatria e Neurofisiologia na Faculdade de Medicina (Charit\u00e9) da Universidade Humboldt de Berlim e na Universidade Livre de Berlim.<\/li><li>1998: defesa da tese de doutoramento na Universidade Humboldt de Berlim, \u00e0 qual foi atribuida a nota m\u00e1xima de \u201csumma cum laude\u201d.<\/li><li>1999: regresso a Portugal por raz\u00f5es familiares.<\/li><li>1999-2003: actividade como neurologista no Hospital do Barlavento Algarvio, Portim\u00e3o.<\/li><li>Desde 2003: actividade como neurologista e psiquiatra no Centro M\u00e9dico NeuroLoul\u00e9.<\/li><li>Desde 2012: actividade docente no Departamento de Ci\u00eancias Biom\u00e9dicas e Medicina da Universidade do Algarve.<\/li><\/ul>\t<\/div>\n<\/div>\n<h5 class=\"qodef-accordion-title\">\n\t<span class=\"qodef-tab-title\">Forma\u00e7\u00e3o<\/span>\n\t<span class=\"qodef-accordion-mark\">\n\t\t<span class=\"qodef-icon--plus\"><svg  xmlns=\"http:\/\/www.w3.org\/2000\/svg\" xmlns:xlink=\"http:\/\/www.w3.org\/1999\/xlink\" viewBox=\"0 0 9 5.23\"><polygon points=\"0.73 0 4.5 3.77 8.27 0 9 0.73 4.5 5.23 0 0.73 0.73 0\"\/><\/svg><\/span>\n\t\t<span class=\"qodef-icon--minus\"><svg  xmlns=\"http:\/\/www.w3.org\/2000\/svg\" xmlns:xlink=\"http:\/\/www.w3.org\/1999\/xlink\" viewBox=\"0 0 9 5.23\"><polygon points=\"0.73 0 4.5 3.77 8.27 0 9 0.73 4.5 5.23 0 0.73 0.73 0\"\/><\/svg><\/span>\n\t<\/span>\n<\/h5>\n<div class=\"qodef-accordion-content\">\n\t<div class=\"qodef-accordion-content-inner\">\n\t\t<ul><li>Curso de Medicina na Universidade de Leipzig.<\/li><li>Especialidades de Neurologia e de Psiquiatria na Universidade Humboldt e na Universidade Livre de Berlim, com presta\u00e7\u00e3o de provas de exame a cada uma das especialidades na Ordem dos M\u00e9dicos de Berlim.<\/li><li>Forma\u00e7\u00e3o em Neurofisiologia Cl\u00ednica nas \u00e1reas de Electroencefalografia, Electromiografia e Potenciais Evocados na Universidade Humboldt e na Universidade Livre de Berlim, com presta\u00e7\u00e3o de provas de exame em cada uma destas \u00e1reas na Sociadade Alem\u00e3 de Neurofisiologia Cl\u00ednica.<\/li><\/ul>\t<\/div>\n<\/div>\n<h5 class=\"qodef-accordion-title\">\n\t<span class=\"qodef-tab-title\">Associa\u00e7\u014des<\/span>\n\t<span class=\"qodef-accordion-mark\">\n\t\t<span class=\"qodef-icon--plus\"><svg  xmlns=\"http:\/\/www.w3.org\/2000\/svg\" xmlns:xlink=\"http:\/\/www.w3.org\/1999\/xlink\" viewBox=\"0 0 9 5.23\"><polygon points=\"0.73 0 4.5 3.77 8.27 0 9 0.73 4.5 5.23 0 0.73 0.73 0\"\/><\/svg><\/span>\n\t\t<span class=\"qodef-icon--minus\"><svg  xmlns=\"http:\/\/www.w3.org\/2000\/svg\" xmlns:xlink=\"http:\/\/www.w3.org\/1999\/xlink\" viewBox=\"0 0 9 5.23\"><polygon points=\"0.73 0 4.5 3.77 8.27 0 9 0.73 4.5 5.23 0 0.73 0.73 0\"\/><\/svg><\/span>\n\t<\/span>\n<\/h5>\n<div class=\"qodef-accordion-content\">\n\t<div class=\"qodef-accordion-content-inner\">\n\t\t<ul><li>Ordem dos M\u00e9dicos de Portugal, Sec\u00e7\u00e3o Sul; registado em ambos os Col\u00e9gios de Especialidade de Neurologia e de Psiquiatria.<\/li><li>Sociedade Portuguesa de Neurologia.<\/li><li>Sociedade Portuguesa de Psiquiatria e Sa\u00fade Mental.<\/li><li>Sociedade Alem\u00e3 de Psiquiatria e Psicoterapia.<\/li><li>Sociedade Alem\u00e3 de Neurofisiologia Cl\u00ednica.<\/li><li>Sociedade Alem\u00e3 de Neurologia.<\/li><\/ul>\t<\/div>\n<\/div>\n<h5 class=\"qodef-accordion-title\">\n\t<span class=\"qodef-tab-title\">Idiomas<\/span>\n\t<span class=\"qodef-accordion-mark\">\n\t\t<span class=\"qodef-icon--plus\"><svg  xmlns=\"http:\/\/www.w3.org\/2000\/svg\" xmlns:xlink=\"http:\/\/www.w3.org\/1999\/xlink\" viewBox=\"0 0 9 5.23\"><polygon points=\"0.73 0 4.5 3.77 8.27 0 9 0.73 4.5 5.23 0 0.73 0.73 0\"\/><\/svg><\/span>\n\t\t<span class=\"qodef-icon--minus\"><svg  xmlns=\"http:\/\/www.w3.org\/2000\/svg\" xmlns:xlink=\"http:\/\/www.w3.org\/1999\/xlink\" viewBox=\"0 0 9 5.23\"><polygon points=\"0.73 0 4.5 3.77 8.27 0 9 0.73 4.5 5.23 0 0.73 0.73 0\"\/><\/svg><\/span>\n\t<\/span>\n<\/h5>\n<div class=\"qodef-accordion-content\">\n\t<div class=\"qodef-accordion-content-inner\">\n\t\t<ul><li>Portugu\u00eas<\/li><li>Alem\u00e3o<\/li><li>Ingl\u00eas<\/li><\/ul>\t<\/div>\n<\/div>\n<\/div>\n\t\t<\/div>\n\t\t\t\t<\/div>\n\t\t\t\t<div class=\"elementor-element elementor-element-552d30e elementor-widget__width-auto elementor-widget elementor-widget-allsmiles_core_button\" data-id=\"552d30e\" data-element_type=\"widget\" data-widget_type=\"allsmiles_core_button.default\">\n\t\t\t\t<div class=\"elementor-widget-container\">\n\t\t\t<a class=\"qodef-shortcode qodef-m  qodef-button qodef-layout--filled   qodef-html--link qodef-direction-animation\" href=\"\/pt-pt\/equipa\/\" target=\"_self\" data-hover-background-color=\"#941305\" style=\"background-color: #747D90\">\n\t<span class=\"qodef-m-text\">Voltar \u00e0 equipa<\/span>\n\t\t\t<span class=\"qodef-btn-background-holder\">\n\t        <span class=\"qodef-btn-background\"><\/span>\n\t    <\/span>\n\t<\/a>\n\t\t<\/div>\n\t\t\t\t<\/div>\n\t\t\t\t\t<\/div>\n\t\t<\/div>\n\t\t\t\t<div class=\"elementor-column elementor-col-50 elementor-top-column elementor-element elementor-element-f5400d6\" data-id=\"f5400d6\" data-element_type=\"column\">\n\t\t\t<div class=\"elementor-widget-wrap elementor-element-populated\">\n\t\t\t\t\t\t\t\t<div class=\"elementor-element elementor-element-588e0a8 elementor-widget__width-initial elementor-widget-mobile__width-initial img_box_shadow elementor-widget elementor-widget-image\" data-id=\"588e0a8\" data-element_type=\"widget\" data-widget_type=\"image.default\">\n\t\t\t\t<div class=\"elementor-widget-container\">\n\t\t\t<style>\/*! elementor - v3.6.5 - 27-04-2022 *\/\n.elementor-widget-image{text-align:center}.elementor-widget-image a{display:inline-block}.elementor-widget-image a img[src$=\".svg\"]{width:48px}.elementor-widget-image img{vertical-align:middle;display:inline-block}<\/style>\t\t\t\t\t\t\t\t\t\t\t\t<img width=\"1100\" height=\"1108\" src=\"https:\/\/www.neuroloule.com\/wp-content\/uploads\/2022\/11\/Dr-Gil-Bio.jpg\" class=\"attachment-full size-full\" alt=\"\" loading=\"lazy\" srcset=\"https:\/\/www.neuroloule.com\/wp-content\/uploads\/2022\/11\/Dr-Gil-Bio.jpg 1100w, https:\/\/www.neuroloule.com\/wp-content\/uploads\/2022\/11\/Dr-Gil-Bio-298x300.jpg 298w, https:\/\/www.neuroloule.com\/wp-content\/uploads\/2022\/11\/Dr-Gil-Bio-1017x1024.jpg 1017w, https:\/\/www.neuroloule.com\/wp-content\/uploads\/2022\/11\/Dr-Gil-Bio-150x150.jpg 150w, https:\/\/www.neuroloule.com\/wp-content\/uploads\/2022\/11\/Dr-Gil-Bio-768x774.jpg 768w\" sizes=\"(max-width: 1100px) 100vw, 1100px\" \/>\t\t\t\t\t\t\t\t\t\t\t\t\t\t\t<\/div>\n\t\t\t\t<\/div>\n\t\t\t\t\t<\/div>\n\t\t<\/div>\n\t\t\t\t\t\t\t<\/div>\n\t\t<\/section>\n\t\t\t\t<section class=\"elementor-section elementor-top-section elementor-element elementor-element-28188e8 qodef-elementor-content-grid elementor-section-boxed elementor-section-height-default elementor-section-height-default\" data-id=\"28188e8\" data-element_type=\"section\" data-settings=\"{&quot;background_background&quot;:&quot;classic&quot;}\">\n\t\t\t\t\t\t<div class=\"elementor-container elementor-column-gap-no\">\n\t\t\t\t\t<div class=\"elementor-column elementor-col-100 elementor-top-column elementor-element elementor-element-4dfe0d3\" data-id=\"4dfe0d3\" data-element_type=\"column\">\n\t\t\t<div class=\"elementor-widget-wrap elementor-element-populated\">\n\t\t\t\t\t\t\t\t<div class=\"elementor-element elementor-element-65c7341 elementor-widget elementor-widget-allsmiles_core_call_to_action\" data-id=\"65c7341\" data-element_type=\"widget\" data-widget_type=\"allsmiles_core_call_to_action.default\">\n\t\t\t\t<div class=\"elementor-widget-container\">\n\t\t\t<div class=\"qodef-shortcode qodef-m  qodef-call-to-action qodef-layout--standard qodef-style--stretched\">\n\t<div class=\"qodef-m-inner\">\n\t\t\t<div class=\"qodef-m-content\"><h4 style=\"color: #030303;\">Marque a sua <span style=\"color: #941305;\">Consulta<\/span> online<\/h4>\n<h6 class=\"qodef-cta-aditional\" style=\"color: #fff; margin-top: -7px;\">NeuroLoul\u00e9 - Prestando Cuidados de Sa\u00fade de Excel\u00eancia no Algarve desde 2003.<\/h6><\/div>\n\t\t\t<div class=\"qodef-m-button\">\n\t\t<a class=\"qodef-shortcode qodef-m  qodef-button qodef-layout--filled   qodef-html--link qodef-direction-animation\" href=\"\/pt-pt\/contactos\/\" target=\"_self\" data-hover-color=\"#FFFFFF\" data-hover-background-color=\"#941305\" style=\"color: #747D90;background-color: #FFFFFF\">\t<span class=\"qodef-m-text\">Marca\u00e7\u00e2o de Consultas<\/span>\t\t\t<span class=\"qodef-btn-background-holder\">\t        <span class=\"qodef-btn-background\"><\/span>\t    <\/span>\t<\/a>\t<\/div>\n\t<\/div>\n<\/div>\n\t\t<\/div>\n\t\t\t\t<\/div>\n\t\t\t\t\t<\/div>\n\t\t<\/div>\n\t\t\t\t\t\t\t<\/div>\n\t\t<\/section>\n\t\t\t\t\t\t\t<\/div>\n\t\t","protected":false},"excerpt":{"rendered":"<p>Neurologista, Psiquiatra, Professor na Universidade do Algarve Dr. Gil dos Santos G. Jo\u00e3o PLACEHOLDER Notas Biogr\u00e1ficas Natural de Salir, concelho de Loul\u00e9. 1982: terminou o 12\u00ba ano na Escola Secund\u00e1ria de Loul\u00e9. 1982-1983: aprendizagem da l\u00edngua alem\u00e3 no Instituto Herder, Leipzig. 1983-1989: curso de Medicina na Universidade de Leipzig. 1989-1998: forma\u00e7\u00e3o em Neurologia, Psiquiatria e [&hellip;]<\/p>\n","protected":false},"author":2,"featured_media":10323,"parent":15067,"menu_order":1,"comment_status":"closed","ping_status":"closed","template":"page-full-width.php","meta":[],"yoast_head":"<!-- This site is optimized with the Yoast SEO plugin v17.0 - https:\/\/yoast.com\/wordpress\/plugins\/seo\/ -->\n<title>Doutor Gil Jo\u00e3o - Neuroloul\u00e9<\/title>\n<meta name=\"description\" content=\"O Dr. Gil Jo\u00e3o \u00e9 especialista em Psiquiatria e Neurologia com v\u00e1rios anos de experi\u00eancia, tendo j\u00e1 tratado com sucesso centenas de pacientes.\" \/>\n<meta name=\"robots\" content=\"index, follow, max-snippet:-1, max-image-preview:large, max-video-preview:-1\" \/>\n<link rel=\"canonical\" href=\"https:\/\/www.neuroloule.com\/pt-pt\/team\/dr-gil-dos-santos-g-joao\/\" \/>\n<meta property=\"og:locale\" content=\"pt_PT\" \/>\n<meta property=\"og:type\" content=\"article\" \/>\n<meta property=\"og:title\" content=\"Doutor Gil Jo\u00e3o - Neuroloul\u00e9\" \/>\n<meta property=\"og:description\" content=\"O Dr. Gil Jo\u00e3o \u00e9 especialista em Psiquiatria e Neurologia com v\u00e1rios anos de experi\u00eancia, tendo j\u00e1 tratado com sucesso centenas de pacientes.\" \/>\n<meta property=\"og:url\" content=\"https:\/\/www.neuroloule.com\/team\/dr-gil-dos-santos-g-joao\/\" \/>\n<meta property=\"og:site_name\" content=\"NeuroLoul\u00e9\" \/>\n<meta property=\"article:modified_time\" content=\"2023-08-18T15:27:26+00:00\" \/>\n<meta property=\"og:image\" content=\"https:\/\/www.neuroloule.com\/wp-content\/uploads\/2022\/06\/Neuroloule-logo-white_thumbnail_v3.png\" \/>\n\t<meta property=\"og:image:width\" content=\"350\" \/>\n\t<meta property=\"og:image:height\" content=\"300\" \/>\n<meta name=\"twitter:card\" content=\"summary_large_image\" \/>\n<meta name=\"twitter:label1\" content=\"Est. reading time\" \/>\n\t<meta name=\"twitter:data1\" content=\"2 minutos\" \/>\n<script type=\"application\/ld+json\" class=\"yoast-schema-graph\">{\"@context\":\"https:\/\/schema.org\",\"@graph\":[{\"@type\":\"WebSite\",\"@id\":\"https:\/\/www.neuroloule.com\/#website\",\"url\":\"https:\/\/www.neuroloule.com\/\",\"name\":\"NeuroLoul\\u00e9\",\"description\":\"Servi\\u00e7os M\\u00e9dicos, LDA\",\"potentialAction\":[{\"@type\":\"SearchAction\",\"target\":{\"@type\":\"EntryPoint\",\"urlTemplate\":\"https:\/\/www.neuroloule.com\/?s={search_term_string}\"},\"query-input\":\"required name=search_term_string\"}],\"inLanguage\":\"pt-PT\"},{\"@type\":\"ImageObject\",\"@id\":\"https:\/\/www.neuroloule.com\/team\/dr-gil-dos-santos-g-joao\/#primaryimage\",\"inLanguage\":\"pt-PT\",\"url\":\"https:\/\/www.neuroloule.com\/wp-content\/uploads\/2022\/06\/Neuroloule-logo-white_thumbnail_v3.png\",\"contentUrl\":\"https:\/\/www.neuroloule.com\/wp-content\/uploads\/2022\/06\/Neuroloule-logo-white_thumbnail_v3.png\",\"width\":350,\"height\":300},{\"@type\":\"WebPage\",\"@id\":\"https:\/\/www.neuroloule.com\/team\/dr-gil-dos-santos-g-joao\/#webpage\",\"url\":\"https:\/\/www.neuroloule.com\/team\/dr-gil-dos-santos-g-joao\/\",\"name\":\"Doutor Gil Jo\\u00e3o - Neuroloul\\u00e9\",\"isPartOf\":{\"@id\":\"https:\/\/www.neuroloule.com\/#website\"},\"primaryImageOfPage\":{\"@id\":\"https:\/\/www.neuroloule.com\/team\/dr-gil-dos-santos-g-joao\/#primaryimage\"},\"datePublished\":\"2022-07-04T20:37:00+00:00\",\"dateModified\":\"2023-08-18T15:27:26+00:00\",\"description\":\"O Dr. Gil Jo\\u00e3o \\u00e9 especialista em Psiquiatria e Neurologia com v\\u00e1rios anos de experi\\u00eancia, tendo j\\u00e1 tratado com sucesso centenas de pacientes.\",\"breadcrumb\":{\"@id\":\"https:\/\/www.neuroloule.com\/team\/dr-gil-dos-santos-g-joao\/#breadcrumb\"},\"inLanguage\":\"pt-PT\",\"potentialAction\":[{\"@type\":\"ReadAction\",\"target\":[\"https:\/\/www.neuroloule.com\/team\/dr-gil-dos-santos-g-joao\/\"]}]},{\"@type\":\"BreadcrumbList\",\"@id\":\"https:\/\/www.neuroloule.com\/team\/dr-gil-dos-santos-g-joao\/#breadcrumb\",\"itemListElement\":[{\"@type\":\"ListItem\",\"position\":1,\"name\":\"Home\",\"item\":\"https:\/\/www.neuroloule.com\/pt-pt\/\"},{\"@type\":\"ListItem\",\"position\":2,\"name\":\"Equipa\",\"item\":\"https:\/\/www.neuroloule.com\/team\/\"},{\"@type\":\"ListItem\",\"position\":3,\"name\":\"Dr. Gil dos Santos G. Jo\\u00e3o\"}]}]}<\/script>\n<!-- \/ Yoast SEO plugin. -->","yoast_head_json":{"title":"Doutor Gil Jo\u00e3o - Neuroloul\u00e9","description":"O Dr. Gil Jo\u00e3o \u00e9 especialista em Psiquiatria e Neurologia com v\u00e1rios anos de experi\u00eancia, tendo j\u00e1 tratado com sucesso centenas de pacientes.","robots":{"index":"index","follow":"follow","max-snippet":"max-snippet:-1","max-image-preview":"max-image-preview:large","max-video-preview":"max-video-preview:-1"},"canonical":"https:\/\/www.neuroloule.com\/pt-pt\/team\/dr-gil-dos-santos-g-joao\/","og_locale":"pt_PT","og_type":"article","og_title":"Doutor Gil Jo\u00e3o - Neuroloul\u00e9","og_description":"O Dr. Gil Jo\u00e3o \u00e9 especialista em Psiquiatria e Neurologia com v\u00e1rios anos de experi\u00eancia, tendo j\u00e1 tratado com sucesso centenas de pacientes.","og_url":"https:\/\/www.neuroloule.com\/team\/dr-gil-dos-santos-g-joao\/","og_site_name":"NeuroLoul\u00e9","article_modified_time":"2023-08-18T15:27:26+00:00","og_image":[{"width":350,"height":300,"url":"https:\/\/www.neuroloule.com\/wp-content\/uploads\/2022\/06\/Neuroloule-logo-white_thumbnail_v3.png","path":"\/home1\/neuroloule\/public_html\/wp-content\/uploads\/2022\/06\/Neuroloule-logo-white_thumbnail_v3.png","size":"full","id":10323,"alt":"","pixels":105000,"type":"image\/png"}],"twitter_card":"summary_large_image","twitter_misc":{"Est. reading time":"2 minutos"},"schema":{"@context":"https:\/\/schema.org","@graph":[{"@type":"WebSite","@id":"https:\/\/www.neuroloule.com\/#website","url":"https:\/\/www.neuroloule.com\/","name":"NeuroLoul\u00e9","description":"Servi\u00e7os M\u00e9dicos, LDA","potentialAction":[{"@type":"SearchAction","target":{"@type":"EntryPoint","urlTemplate":"https:\/\/www.neuroloule.com\/?s={search_term_string}"},"query-input":"required name=search_term_string"}],"inLanguage":"pt-PT"},{"@type":"ImageObject","@id":"https:\/\/www.neuroloule.com\/team\/dr-gil-dos-santos-g-joao\/#primaryimage","inLanguage":"pt-PT","url":"https:\/\/www.neuroloule.com\/wp-content\/uploads\/2022\/06\/Neuroloule-logo-white_thumbnail_v3.png","contentUrl":"https:\/\/www.neuroloule.com\/wp-content\/uploads\/2022\/06\/Neuroloule-logo-white_thumbnail_v3.png","width":350,"height":300},{"@type":"WebPage","@id":"https:\/\/www.neuroloule.com\/team\/dr-gil-dos-santos-g-joao\/#webpage","url":"https:\/\/www.neuroloule.com\/team\/dr-gil-dos-santos-g-joao\/","name":"Doutor Gil Jo\u00e3o - Neuroloul\u00e9","isPartOf":{"@id":"https:\/\/www.neuroloule.com\/#website"},"primaryImageOfPage":{"@id":"https:\/\/www.neuroloule.com\/team\/dr-gil-dos-santos-g-joao\/#primaryimage"},"datePublished":"2022-07-04T20:37:00+00:00","dateModified":"2023-08-18T15:27:26+00:00","description":"O Dr. Gil Jo\u00e3o \u00e9 especialista em Psiquiatria e Neurologia com v\u00e1rios anos de experi\u00eancia, tendo j\u00e1 tratado com sucesso centenas de pacientes.","breadcrumb":{"@id":"https:\/\/www.neuroloule.com\/team\/dr-gil-dos-santos-g-joao\/#breadcrumb"},"inLanguage":"pt-PT","potentialAction":[{"@type":"ReadAction","target":["https:\/\/www.neuroloule.com\/team\/dr-gil-dos-santos-g-joao\/"]}]},{"@type":"BreadcrumbList","@id":"https:\/\/www.neuroloule.com\/team\/dr-gil-dos-santos-g-joao\/#breadcrumb","itemListElement":[{"@type":"ListItem","position":1,"name":"Home","item":"https:\/\/www.neuroloule.com\/pt-pt\/"},{"@type":"ListItem","position":2,"name":"Equipa","item":"https:\/\/www.neuroloule.com\/team\/"},{"@type":"ListItem","position":3,"name":"Dr. Gil dos Santos G. Jo\u00e3o"}]}]}},"_links":{"self":[{"href":"https:\/\/www.neuroloule.com\/pt-pt\/wp-json\/wp\/v2\/pages\/15071"}],"collection":[{"href":"https:\/\/www.neuroloule.com\/pt-pt\/wp-json\/wp\/v2\/pages"}],"about":[{"href":"https:\/\/www.neuroloule.com\/pt-pt\/wp-json\/wp\/v2\/types\/page"}],"author":[{"embeddable":true,"href":"https:\/\/www.neuroloule.com\/pt-pt\/wp-json\/wp\/v2\/users\/2"}],"replies":[{"embeddable":true,"href":"https:\/\/www.neuroloule.com\/pt-pt\/wp-json\/wp\/v2\/comments?post=15071"}],"version-history":[{"count":20,"href":"https:\/\/www.neuroloule.com\/pt-pt\/wp-json\/wp\/v2\/pages\/15071\/revisions"}],"predecessor-version":[{"id":19064,"href":"https:\/\/www.neuroloule.com\/pt-pt\/wp-json\/wp\/v2\/pages\/15071\/revisions\/19064"}],"up":[{"embeddable":true,"href":"https:\/\/www.neuroloule.com\/pt-pt\/wp-json\/wp\/v2\/pages\/15067"}],"wp:featuredmedia":[{"embeddable":true,"href":"https:\/\/www.neuroloule.com\/pt-pt\/wp-json\/wp\/v2\/media\/10323"}],"wp:attachment":[{"href":"https:\/\/www.neuroloule.com\/pt-pt\/wp-json\/wp\/v2\/media?parent=15071"}],"curies":[{"name":"wp","href":"https:\/\/api.w.org\/{rel}","templated":true}]}}