{"id":15079,"date":"2022-11-21T19:34:04","date_gmt":"2022-11-21T19:34:04","guid":{"rendered":"https:\/\/www.neuroloule.com\/team\/dra-maria-joao-monteiro\/"},"modified":"2023-05-03T20:14:40","modified_gmt":"2023-05-03T20:14:40","slug":"dra-maria-joao-monteiro","status":"publish","type":"page","link":"https:\/\/www.neuroloule.com\/pt-pt\/equipa\/dra-maria-joao-monteiro\/","title":{"rendered":"Dr\u00aa. Maria Jo\u00e3o Monteiro"},"content":{"rendered":"\t\t<div data-elementor-type=\"wp-page\" data-elementor-id=\"15079\" class=\"elementor elementor-15079 elementor-14352\">\n\t\t\t\t\t\t\t\t\t<section class=\"elementor-section elementor-top-section elementor-element elementor-element-7ae7797 elementor-section-full_width qodef-elementor-content-grid qodef-extended-grid qodef-extended-grid--right elementor-section-content-middle qodef-disable-extended-1024--yes elementor-reverse-tablet elementor-reverse-mobile custom_background_overlay elementor-section-height-default elementor-section-height-default\" data-id=\"7ae7797\" data-element_type=\"section\">\n\t\t\t\t\t\t\t<div class=\"elementor-background-overlay\"><\/div>\n\t\t\t\t\t\t\t<div class=\"elementor-container elementor-column-gap-default\">\n\t\t\t\t\t<div class=\"elementor-column elementor-col-50 elementor-top-column elementor-element elementor-element-3aa884b\" data-id=\"3aa884b\" data-element_type=\"column\">\n\t\t\t<div class=\"elementor-widget-wrap elementor-element-populated\">\n\t\t\t\t\t\t\t\t<div class=\"elementor-element elementor-element-857f844 elementor-widget-mobile__width-inherit elementor-widget elementor-widget-allsmiles_core_section_title\" data-id=\"857f844\" data-element_type=\"widget\" data-widget_type=\"allsmiles_core_section_title.default\">\n\t\t\t\t<div class=\"elementor-widget-container\">\n\t\t\t<div class=\"qodef-shortcode qodef-m  qodef-section-title qodef-alignment--left \">\n\t\t<h5 class=\"qodef-m-subtitle\" style=\"margin-bottom: 7px\">\n\t\tPsicologia Cl\u00ednica\t<\/h5>\n\t\t<h1 class=\"qodef-m-title\" >\n\t\t\t\t\tDr\u00aa.  Maria Jo\u00e3o Monteiro\t\t\t<\/h1>\n\t<\/div>\n\t\t<\/div>\n\t\t\t\t<\/div>\n\t\t\t\t<div class=\"elementor-element elementor-element-db8d81b elementor-widget__width-initial elementor-widget-mobile__width-inherit closed_accordion elementor-widget-tablet__width-initial elementor-widget elementor-widget-allsmiles_core_accordion\" data-id=\"db8d81b\" data-element_type=\"widget\" data-widget_type=\"allsmiles_core_accordion.default\">\n\t\t\t\t<div class=\"elementor-widget-container\">\n\t\t\t<div class=\"qodef-shortcode qodef-m custom_accordion custom_bullets qodef-accordion clear qodef-behavior--accordion qodef-layout--simple\">\n\t<h5 class=\"qodef-accordion-title\">\n\t<span class=\"qodef-tab-title\">PLACEHOLDER<\/span>\n\t<span class=\"qodef-accordion-mark\">\n\t\t<span class=\"qodef-icon--plus\"><svg  xmlns=\"http:\/\/www.w3.org\/2000\/svg\" xmlns:xlink=\"http:\/\/www.w3.org\/1999\/xlink\" viewBox=\"0 0 9 5.23\"><polygon points=\"0.73 0 4.5 3.77 8.27 0 9 0.73 4.5 5.23 0 0.73 0.73 0\"\/><\/svg><\/span>\n\t\t<span class=\"qodef-icon--minus\"><svg  xmlns=\"http:\/\/www.w3.org\/2000\/svg\" xmlns:xlink=\"http:\/\/www.w3.org\/1999\/xlink\" viewBox=\"0 0 9 5.23\"><polygon points=\"0.73 0 4.5 3.77 8.27 0 9 0.73 4.5 5.23 0 0.73 0.73 0\"\/><\/svg><\/span>\n\t<\/span>\n<\/h5>\n<div class=\"qodef-accordion-content\">\n\t<div class=\"qodef-accordion-content-inner\">\n\t\t\t<\/div>\n<\/div>\n<h5 class=\"qodef-accordion-title\">\n\t<span class=\"qodef-tab-title\">\u00c1reas de Trabalho<\/span>\n\t<span class=\"qodef-accordion-mark\">\n\t\t<span class=\"qodef-icon--plus\"><svg  xmlns=\"http:\/\/www.w3.org\/2000\/svg\" xmlns:xlink=\"http:\/\/www.w3.org\/1999\/xlink\" viewBox=\"0 0 9 5.23\"><polygon points=\"0.73 0 4.5 3.77 8.27 0 9 0.73 4.5 5.23 0 0.73 0.73 0\"\/><\/svg><\/span>\n\t\t<span class=\"qodef-icon--minus\"><svg  xmlns=\"http:\/\/www.w3.org\/2000\/svg\" xmlns:xlink=\"http:\/\/www.w3.org\/1999\/xlink\" viewBox=\"0 0 9 5.23\"><polygon points=\"0.73 0 4.5 3.77 8.27 0 9 0.73 4.5 5.23 0 0.73 0.73 0\"\/><\/svg><\/span>\n\t<\/span>\n<\/h5>\n<div class=\"qodef-accordion-content\">\n\t<div class=\"qodef-accordion-content-inner\">\n\t\t<ul><li>Avalia\u00e7\u00e3o e Interven\u00e7\u00e3o Psicol\u00f3gica com Crian\u00e7as e Jovens.<\/li><\/ul>\t<\/div>\n<\/div>\n<h5 class=\"qodef-accordion-title\">\n\t<span class=\"qodef-tab-title\">Forma\u00e7\u00e3o<\/span>\n\t<span class=\"qodef-accordion-mark\">\n\t\t<span class=\"qodef-icon--plus\"><svg  xmlns=\"http:\/\/www.w3.org\/2000\/svg\" xmlns:xlink=\"http:\/\/www.w3.org\/1999\/xlink\" viewBox=\"0 0 9 5.23\"><polygon points=\"0.73 0 4.5 3.77 8.27 0 9 0.73 4.5 5.23 0 0.73 0.73 0\"\/><\/svg><\/span>\n\t\t<span class=\"qodef-icon--minus\"><svg  xmlns=\"http:\/\/www.w3.org\/2000\/svg\" xmlns:xlink=\"http:\/\/www.w3.org\/1999\/xlink\" viewBox=\"0 0 9 5.23\"><polygon points=\"0.73 0 4.5 3.77 8.27 0 9 0.73 4.5 5.23 0 0.73 0.73 0\"\/><\/svg><\/span>\n\t<\/span>\n<\/h5>\n<div class=\"qodef-accordion-content\">\n\t<div class=\"qodef-accordion-content-inner\">\n\t\t<ul><li>Licenciada em Psicologia Cl\u00ednica.<\/li><li>Mestre em Psicologia Educacional pela Universidade do Algarve.<\/li><\/ul>\t<\/div>\n<\/div>\n<h5 class=\"qodef-accordion-title\">\n\t<span class=\"qodef-tab-title\">\u00c1reas de Interesses<\/span>\n\t<span class=\"qodef-accordion-mark\">\n\t\t<span class=\"qodef-icon--plus\"><svg  xmlns=\"http:\/\/www.w3.org\/2000\/svg\" xmlns:xlink=\"http:\/\/www.w3.org\/1999\/xlink\" viewBox=\"0 0 9 5.23\"><polygon points=\"0.73 0 4.5 3.77 8.27 0 9 0.73 4.5 5.23 0 0.73 0.73 0\"\/><\/svg><\/span>\n\t\t<span class=\"qodef-icon--minus\"><svg  xmlns=\"http:\/\/www.w3.org\/2000\/svg\" xmlns:xlink=\"http:\/\/www.w3.org\/1999\/xlink\" viewBox=\"0 0 9 5.23\"><polygon points=\"0.73 0 4.5 3.77 8.27 0 9 0.73 4.5 5.23 0 0.73 0.73 0\"\/><\/svg><\/span>\n\t<\/span>\n<\/h5>\n<div class=\"qodef-accordion-content\">\n\t<div class=\"qodef-accordion-content-inner\">\n\t\t<ul><li>\u00c1rea emocional e relacional.<\/li><li>Psicossom\u00e1tica, t\u00e9cnicas de liberta\u00e7\u00e3o emocional.<\/li><\/ul>\t<\/div>\n<\/div>\n<h5 class=\"qodef-accordion-title\">\n\t<span class=\"qodef-tab-title\">Idiomas<\/span>\n\t<span class=\"qodef-accordion-mark\">\n\t\t<span class=\"qodef-icon--plus\"><svg  xmlns=\"http:\/\/www.w3.org\/2000\/svg\" xmlns:xlink=\"http:\/\/www.w3.org\/1999\/xlink\" viewBox=\"0 0 9 5.23\"><polygon points=\"0.73 0 4.5 3.77 8.27 0 9 0.73 4.5 5.23 0 0.73 0.73 0\"\/><\/svg><\/span>\n\t\t<span class=\"qodef-icon--minus\"><svg  xmlns=\"http:\/\/www.w3.org\/2000\/svg\" xmlns:xlink=\"http:\/\/www.w3.org\/1999\/xlink\" viewBox=\"0 0 9 5.23\"><polygon points=\"0.73 0 4.5 3.77 8.27 0 9 0.73 4.5 5.23 0 0.73 0.73 0\"\/><\/svg><\/span>\n\t<\/span>\n<\/h5>\n<div class=\"qodef-accordion-content\">\n\t<div class=\"qodef-accordion-content-inner\">\n\t\t<ul><li>Portugu\u00eas<\/li><\/ul>\t<\/div>\n<\/div>\n<\/div>\n\t\t<\/div>\n\t\t\t\t<\/div>\n\t\t\t\t<div class=\"elementor-element elementor-element-edd9255 elementor-widget__width-auto elementor-widget elementor-widget-allsmiles_core_button\" data-id=\"edd9255\" data-element_type=\"widget\" data-widget_type=\"allsmiles_core_button.default\">\n\t\t\t\t<div class=\"elementor-widget-container\">\n\t\t\t<a class=\"qodef-shortcode qodef-m  qodef-button qodef-layout--filled   qodef-html--link qodef-direction-animation\" href=\"\/pt-pt\/equipa\/\" target=\"_self\" data-hover-background-color=\"#941305\" style=\"background-color: #747D90\">\n\t<span class=\"qodef-m-text\">Voltar \u00e0 equipa<\/span>\n\t\t\t<span class=\"qodef-btn-background-holder\">\n\t        <span class=\"qodef-btn-background\"><\/span>\n\t    <\/span>\n\t<\/a>\n\t\t<\/div>\n\t\t\t\t<\/div>\n\t\t\t\t\t<\/div>\n\t\t<\/div>\n\t\t\t\t<div class=\"elementor-column elementor-col-50 elementor-top-column elementor-element elementor-element-f5400d6\" data-id=\"f5400d6\" data-element_type=\"column\">\n\t\t\t<div class=\"elementor-widget-wrap elementor-element-populated\">\n\t\t\t\t\t\t\t\t<div class=\"elementor-element elementor-element-588e0a8 elementor-widget__width-initial elementor-widget-mobile__width-initial img_box_shadow elementor-widget elementor-widget-image\" data-id=\"588e0a8\" data-element_type=\"widget\" data-widget_type=\"image.default\">\n\t\t\t\t<div class=\"elementor-widget-container\">\n\t\t\t<style>\/*! elementor - v3.6.5 - 27-04-2022 *\/\n.elementor-widget-image{text-align:center}.elementor-widget-image a{display:inline-block}.elementor-widget-image a img[src$=\".svg\"]{width:48px}.elementor-widget-image img{vertical-align:middle;display:inline-block}<\/style>\t\t\t\t\t\t\t\t\t\t\t\t<img width=\"1100\" height=\"1108\" src=\"https:\/\/www.neuroloule.com\/wp-content\/uploads\/2023\/02\/Dr-Maria-2.jpg\" class=\"attachment-full size-full\" alt=\"\" loading=\"lazy\" srcset=\"https:\/\/www.neuroloule.com\/wp-content\/uploads\/2023\/02\/Dr-Maria-2.jpg 1100w, https:\/\/www.neuroloule.com\/wp-content\/uploads\/2023\/02\/Dr-Maria-2-298x300.jpg 298w, https:\/\/www.neuroloule.com\/wp-content\/uploads\/2023\/02\/Dr-Maria-2-1017x1024.jpg 1017w, https:\/\/www.neuroloule.com\/wp-content\/uploads\/2023\/02\/Dr-Maria-2-150x150.jpg 150w, https:\/\/www.neuroloule.com\/wp-content\/uploads\/2023\/02\/Dr-Maria-2-768x774.jpg 768w\" sizes=\"(max-width: 1100px) 100vw, 1100px\" \/>\t\t\t\t\t\t\t\t\t\t\t\t\t\t\t<\/div>\n\t\t\t\t<\/div>\n\t\t\t\t\t<\/div>\n\t\t<\/div>\n\t\t\t\t\t\t\t<\/div>\n\t\t<\/section>\n\t\t\t\t<section class=\"elementor-section elementor-top-section elementor-element elementor-element-24c9a88 qodef-elementor-content-grid elementor-section-boxed elementor-section-height-default elementor-section-height-default\" data-id=\"24c9a88\" data-element_type=\"section\" data-settings=\"{&quot;background_background&quot;:&quot;classic&quot;}\">\n\t\t\t\t\t\t<div class=\"elementor-container elementor-column-gap-no\">\n\t\t\t\t\t<div class=\"elementor-column elementor-col-100 elementor-top-column elementor-element elementor-element-6718f26\" data-id=\"6718f26\" data-element_type=\"column\">\n\t\t\t<div class=\"elementor-widget-wrap elementor-element-populated\">\n\t\t\t\t\t\t\t\t<div class=\"elementor-element elementor-element-6d45cce elementor-widget elementor-widget-allsmiles_core_call_to_action\" data-id=\"6d45cce\" data-element_type=\"widget\" data-widget_type=\"allsmiles_core_call_to_action.default\">\n\t\t\t\t<div class=\"elementor-widget-container\">\n\t\t\t<div class=\"qodef-shortcode qodef-m  qodef-call-to-action qodef-layout--standard qodef-style--stretched\">\n\t<div class=\"qodef-m-inner\">\n\t\t\t<div class=\"qodef-m-content\"><h4 style=\"color: #030303;\">Marque a sua <span style=\"color: #941305;\">Consulta<\/span> online<\/h4>\n<h6 class=\"qodef-cta-aditional\" style=\"color: #fff; margin-top: -7px;\">NeuroLoul\u00e9 - Prestando Cuidados de Sa\u00fade de Excel\u00eancia no Algarve desde 2003.<\/h6><\/div>\n\t\t\t<div class=\"qodef-m-button\">\n\t\t<a class=\"qodef-shortcode qodef-m  qodef-button qodef-layout--filled   qodef-html--link qodef-direction-animation\" href=\"\/pt-pt\/contactos\/\" target=\"_self\" data-hover-color=\"#FFFFFF\" data-hover-background-color=\"#941305\" style=\"color: #747D90;background-color: #FFFFFF\">\t<span class=\"qodef-m-text\">Marca\u00e7\u00e2o de Consultas<\/span>\t\t\t<span class=\"qodef-btn-background-holder\">\t        <span class=\"qodef-btn-background\"><\/span>\t    <\/span>\t<\/a>\t<\/div>\n\t<\/div>\n<\/div>\n\t\t<\/div>\n\t\t\t\t<\/div>\n\t\t\t\t\t<\/div>\n\t\t<\/div>\n\t\t\t\t\t\t\t<\/div>\n\t\t<\/section>\n\t\t\t\t\t\t\t<\/div>\n\t\t","protected":false},"excerpt":{"rendered":"<p>Psicologia Cl\u00ednica Dr\u00aa. Maria Jo\u00e3o Monteiro PLACEHOLDER \u00c1reas de Trabalho Avalia\u00e7\u00e3o e Interven\u00e7\u00e3o Psicol\u00f3gica com Crian\u00e7as e Jovens. Forma\u00e7\u00e3o Licenciada em Psicologia Cl\u00ednica. Mestre em Psicologia Educacional pela Universidade do Algarve. \u00c1reas de Interesses \u00c1rea emocional e relacional. Psicossom\u00e1tica, t\u00e9cnicas de liberta\u00e7\u00e3o emocional. Idiomas Portugu\u00eas Voltar \u00e0 equipa Marque a sua Consulta online NeuroLoul\u00e9 &#8211; [&hellip;]<\/p>\n","protected":false},"author":2,"featured_media":10323,"parent":15067,"menu_order":6,"comment_status":"closed","ping_status":"closed","template":"page-full-width.php","meta":[],"yoast_head":"<!-- This site is optimized with the Yoast SEO plugin v17.0 - https:\/\/yoast.com\/wordpress\/plugins\/seo\/ -->\n<title>NeuroLoul\u00e9 - Servi\u00e7os M\u00e9dicos, LDA<\/title>\n<meta name=\"description\" content=\"The NeuroLoul\u00e9 Medical Centre is located in the centre of Loul\u00e9. The centre offers a variety of health care solutions for Algarve residents and holidaymakers alike, providing competent and professional support in all areas of healthcare in a calm and friendly atmosphere.\" \/>\n<meta name=\"robots\" content=\"index, follow, max-snippet:-1, max-image-preview:large, max-video-preview:-1\" \/>\n<link rel=\"canonical\" href=\"https:\/\/www.neuroloule.com\/pt-pt\/team\/dr-maria-joao-monteiro\/\" \/>\n<meta property=\"og:locale\" content=\"pt_PT\" \/>\n<meta property=\"og:type\" content=\"article\" \/>\n<meta property=\"og:title\" content=\"NeuroLoul\u00e9 - Servi\u00e7os M\u00e9dicos, LDA\" \/>\n<meta property=\"og:description\" content=\"The NeuroLoul\u00e9 Medical Centre is located in the centre of Loul\u00e9. The centre offers a variety of health care solutions for Algarve residents and holidaymakers alike, providing competent and professional support in all areas of healthcare in a calm and friendly atmosphere.\" \/>\n<meta property=\"og:url\" content=\"https:\/\/www.neuroloule.com\/team\/dr-maria-joao-monteiro\/\" \/>\n<meta property=\"og:site_name\" content=\"NeuroLoul\u00e9\" \/>\n<meta property=\"article:modified_time\" content=\"2023-05-03T20:14:40+00:00\" \/>\n<meta property=\"og:image\" content=\"https:\/\/www.neuroloule.com\/wp-content\/uploads\/2022\/06\/Neuroloule-logo-white_thumbnail_v3.png\" \/>\n\t<meta property=\"og:image:width\" content=\"350\" \/>\n\t<meta property=\"og:image:height\" content=\"300\" \/>\n<meta name=\"twitter:card\" content=\"summary_large_image\" \/>\n<meta name=\"twitter:label1\" content=\"Est. reading time\" \/>\n\t<meta name=\"twitter:data1\" content=\"1 minuto\" \/>\n<script type=\"application\/ld+json\" class=\"yoast-schema-graph\">{\"@context\":\"https:\/\/schema.org\",\"@graph\":[{\"@type\":\"WebSite\",\"@id\":\"https:\/\/www.neuroloule.com\/#website\",\"url\":\"https:\/\/www.neuroloule.com\/\",\"name\":\"NeuroLoul\\u00e9\",\"description\":\"Servi\\u00e7os M\\u00e9dicos, LDA\",\"potentialAction\":[{\"@type\":\"SearchAction\",\"target\":{\"@type\":\"EntryPoint\",\"urlTemplate\":\"https:\/\/www.neuroloule.com\/?s={search_term_string}\"},\"query-input\":\"required name=search_term_string\"}],\"inLanguage\":\"pt-PT\"},{\"@type\":\"ImageObject\",\"@id\":\"https:\/\/www.neuroloule.com\/team\/dr-maria-joao-monteiro\/#primaryimage\",\"inLanguage\":\"pt-PT\",\"url\":\"https:\/\/www.neuroloule.com\/wp-content\/uploads\/2022\/06\/Neuroloule-logo-white_thumbnail_v3.png\",\"contentUrl\":\"https:\/\/www.neuroloule.com\/wp-content\/uploads\/2022\/06\/Neuroloule-logo-white_thumbnail_v3.png\",\"width\":350,\"height\":300},{\"@type\":\"WebPage\",\"@id\":\"https:\/\/www.neuroloule.com\/team\/dr-maria-joao-monteiro\/#webpage\",\"url\":\"https:\/\/www.neuroloule.com\/team\/dr-maria-joao-monteiro\/\",\"name\":\"NeuroLoul\\u00e9 - Servi\\u00e7os M\\u00e9dicos, LDA\",\"isPartOf\":{\"@id\":\"https:\/\/www.neuroloule.com\/#website\"},\"primaryImageOfPage\":{\"@id\":\"https:\/\/www.neuroloule.com\/team\/dr-maria-joao-monteiro\/#primaryimage\"},\"datePublished\":\"2022-11-21T19:34:04+00:00\",\"dateModified\":\"2023-05-03T20:14:40+00:00\",\"description\":\"The NeuroLoul\\u00e9 Medical Centre is located in the centre of Loul\\u00e9. The centre offers a variety of health care solutions for Algarve residents and holidaymakers alike, providing competent and professional support in all areas of healthcare in a calm and friendly atmosphere.\",\"breadcrumb\":{\"@id\":\"https:\/\/www.neuroloule.com\/team\/dr-maria-joao-monteiro\/#breadcrumb\"},\"inLanguage\":\"pt-PT\",\"potentialAction\":[{\"@type\":\"ReadAction\",\"target\":[\"https:\/\/www.neuroloule.com\/team\/dr-maria-joao-monteiro\/\"]}]},{\"@type\":\"BreadcrumbList\",\"@id\":\"https:\/\/www.neuroloule.com\/team\/dr-maria-joao-monteiro\/#breadcrumb\",\"itemListElement\":[{\"@type\":\"ListItem\",\"position\":1,\"name\":\"Home\",\"item\":\"https:\/\/www.neuroloule.com\/pt-pt\/\"},{\"@type\":\"ListItem\",\"position\":2,\"name\":\"Equipa\",\"item\":\"https:\/\/www.neuroloule.com\/team\/\"},{\"@type\":\"ListItem\",\"position\":3,\"name\":\"Dr\\u00aa. Maria Jo\\u00e3o Monteiro\"}]}]}<\/script>\n<!-- \/ Yoast SEO plugin. -->","yoast_head_json":{"title":"NeuroLoul\u00e9 - Servi\u00e7os M\u00e9dicos, LDA","description":"The NeuroLoul\u00e9 Medical Centre is located in the centre of Loul\u00e9. The centre offers a variety of health care solutions for Algarve residents and holidaymakers alike, providing competent and professional support in all areas of healthcare in a calm and friendly atmosphere.","robots":{"index":"index","follow":"follow","max-snippet":"max-snippet:-1","max-image-preview":"max-image-preview:large","max-video-preview":"max-video-preview:-1"},"canonical":"https:\/\/www.neuroloule.com\/pt-pt\/team\/dr-maria-joao-monteiro\/","og_locale":"pt_PT","og_type":"article","og_title":"NeuroLoul\u00e9 - Servi\u00e7os M\u00e9dicos, LDA","og_description":"The NeuroLoul\u00e9 Medical Centre is located in the centre of Loul\u00e9. The centre offers a variety of health care solutions for Algarve residents and holidaymakers alike, providing competent and professional support in all areas of healthcare in a calm and friendly atmosphere.","og_url":"https:\/\/www.neuroloule.com\/team\/dr-maria-joao-monteiro\/","og_site_name":"NeuroLoul\u00e9","article_modified_time":"2023-05-03T20:14:40+00:00","og_image":[{"width":350,"height":300,"url":"https:\/\/www.neuroloule.com\/wp-content\/uploads\/2022\/06\/Neuroloule-logo-white_thumbnail_v3.png","path":"\/home1\/neuroloule\/staging\/wp-content\/uploads\/2022\/06\/Neuroloule-logo-white_thumbnail_v3.png","size":"full","id":10323,"alt":"","pixels":105000,"type":"image\/png"}],"twitter_card":"summary_large_image","twitter_misc":{"Est. reading time":"1 minuto"},"schema":{"@context":"https:\/\/schema.org","@graph":[{"@type":"WebSite","@id":"https:\/\/www.neuroloule.com\/#website","url":"https:\/\/www.neuroloule.com\/","name":"NeuroLoul\u00e9","description":"Servi\u00e7os M\u00e9dicos, LDA","potentialAction":[{"@type":"SearchAction","target":{"@type":"EntryPoint","urlTemplate":"https:\/\/www.neuroloule.com\/?s={search_term_string}"},"query-input":"required name=search_term_string"}],"inLanguage":"pt-PT"},{"@type":"ImageObject","@id":"https:\/\/www.neuroloule.com\/team\/dr-maria-joao-monteiro\/#primaryimage","inLanguage":"pt-PT","url":"https:\/\/www.neuroloule.com\/wp-content\/uploads\/2022\/06\/Neuroloule-logo-white_thumbnail_v3.png","contentUrl":"https:\/\/www.neuroloule.com\/wp-content\/uploads\/2022\/06\/Neuroloule-logo-white_thumbnail_v3.png","width":350,"height":300},{"@type":"WebPage","@id":"https:\/\/www.neuroloule.com\/team\/dr-maria-joao-monteiro\/#webpage","url":"https:\/\/www.neuroloule.com\/team\/dr-maria-joao-monteiro\/","name":"NeuroLoul\u00e9 - Servi\u00e7os M\u00e9dicos, LDA","isPartOf":{"@id":"https:\/\/www.neuroloule.com\/#website"},"primaryImageOfPage":{"@id":"https:\/\/www.neuroloule.com\/team\/dr-maria-joao-monteiro\/#primaryimage"},"datePublished":"2022-11-21T19:34:04+00:00","dateModified":"2023-05-03T20:14:40+00:00","description":"The NeuroLoul\u00e9 Medical Centre is located in the centre of Loul\u00e9. The centre offers a variety of health care solutions for Algarve residents and holidaymakers alike, providing competent and professional support in all areas of healthcare in a calm and friendly atmosphere.","breadcrumb":{"@id":"https:\/\/www.neuroloule.com\/team\/dr-maria-joao-monteiro\/#breadcrumb"},"inLanguage":"pt-PT","potentialAction":[{"@type":"ReadAction","target":["https:\/\/www.neuroloule.com\/team\/dr-maria-joao-monteiro\/"]}]},{"@type":"BreadcrumbList","@id":"https:\/\/www.neuroloule.com\/team\/dr-maria-joao-monteiro\/#breadcrumb","itemListElement":[{"@type":"ListItem","position":1,"name":"Home","item":"https:\/\/www.neuroloule.com\/pt-pt\/"},{"@type":"ListItem","position":2,"name":"Equipa","item":"https:\/\/www.neuroloule.com\/team\/"},{"@type":"ListItem","position":3,"name":"Dr\u00aa. Maria Jo\u00e3o Monteiro"}]}]}},"_links":{"self":[{"href":"https:\/\/www.neuroloule.com\/pt-pt\/wp-json\/wp\/v2\/pages\/15079"}],"collection":[{"href":"https:\/\/www.neuroloule.com\/pt-pt\/wp-json\/wp\/v2\/pages"}],"about":[{"href":"https:\/\/www.neuroloule.com\/pt-pt\/wp-json\/wp\/v2\/types\/page"}],"author":[{"embeddable":true,"href":"https:\/\/www.neuroloule.com\/pt-pt\/wp-json\/wp\/v2\/users\/2"}],"replies":[{"embeddable":true,"href":"https:\/\/www.neuroloule.com\/pt-pt\/wp-json\/wp\/v2\/comments?post=15079"}],"version-history":[{"count":16,"href":"https:\/\/www.neuroloule.com\/pt-pt\/wp-json\/wp\/v2\/pages\/15079\/revisions"}],"predecessor-version":[{"id":18321,"href":"https:\/\/www.neuroloule.com\/pt-pt\/wp-json\/wp\/v2\/pages\/15079\/revisions\/18321"}],"up":[{"embeddable":true,"href":"https:\/\/www.neuroloule.com\/pt-pt\/wp-json\/wp\/v2\/pages\/15067"}],"wp:featuredmedia":[{"embeddable":true,"href":"https:\/\/www.neuroloule.com\/pt-pt\/wp-json\/wp\/v2\/media\/10323"}],"wp:attachment":[{"href":"https:\/\/www.neuroloule.com\/pt-pt\/wp-json\/wp\/v2\/media?parent=15079"}],"curies":[{"name":"wp","href":"https:\/\/api.w.org\/{rel}","templated":true}]}}